{"id":35155,"date":"2024-11-01T18:28:25","date_gmt":"2024-11-01T17:28:25","guid":{"rendered":"https:\/\/staging.simzine.news\/zinerva-archive\/"},"modified":"2025-02-14T17:55:15","modified_gmt":"2025-02-14T16:55:15","slug":"simventory","status":"publish","type":"page","link":"https:\/\/staging.simzine.news\/it\/simventory\/","title":{"rendered":"SIMventory"},"content":{"rendered":"\n<h1 class=\"mx-auto text-3xl font-bold text-left mb-4 mt-8 lg:mt-10\">Benvenuti nel SIMventory!<\/h1>\n      <p>\nSIMventory \u00e8 una risorsa pensata per fornire una <strong>panoramica chiara e completa dei dispositivi di simulazione<\/strong> utilizzati nella formazione sanitaria e nella riduzione dei rischi clinici. Questa raccolta offre schede dettagliate con informazioni tecniche, parametri chiave e recensioni basate sull&#8217;esperienza di chi li utilizza. <br>SIMventory \u00e8 una guida intuitiva per <strong>studenti, educatori e istituzioni<\/strong> che li aiuta a orientarsi nel mercato sempre pi\u00f9 vasto degli strumenti e dei software di simulazione per trovare quello pi\u00f9 adatto alle loro esigenze di formazione. Presenta una <strong>vasta gamma di simulatori<\/strong> dai task trainer per lo sviluppo di abilit\u00e0 pratiche ai software di realt\u00e0 virtuale, dai simulatori basati su schermo per le abilit\u00e0 chirurgiche ai dispositivi indossabili per la simulazione di pazienti.\n    \n      <\/p><br>\n      <p>\n       Le informazioni sono organizzate in tre categorie chiave:\n      <\/p><br>\n      <p>\n        <ul class=\"ml-8\" style=\"list-style-type: disc;\">\n  <li style=\"margin-bottom: 1rem;\"><strong>Educative:<\/strong> Destinatari, competenze affrontate, tipo di formazione, discipline di riferimento, ambiente educativo pi\u00f9 appropriato, SIMZONE di pertinenza.<\/li>\n  <li style=\"margin-bottom: 1rem;\"><strong>Operative:<\/strong> Livello di fedelt\u00e0, usabilit\u00e0, tipo di feedback fornito, necessit\u00e0 di pezzi di ricambio, requisiti di configurazione e dimensioni di stoccaggio.<\/li>\n  <li style=\"margin-bottom: 1rem;\"><strong>Costi:<\/strong> Prezzi dei dispositivi e dei materiali di consumo per prendere decisioni informate.<\/li>\n<\/ul>\n<p>\n       Consolidando questi dettagli in un unico luogo, SIMventory mira a semplificare il processo di selezione e a supportare una migliore pianificazione per una formazione efficace basata sulla simulazione.\n      <\/p><br>\n","protected":false},"excerpt":{"rendered":"<p>Benvenuti nel SIMventory! SIMventory \u00e8 una risorsa pensata per fornire una panoramica chiara e completa dei dispositivi di simulazione utilizzati nella formazione sanitaria e nella riduzione dei rischi clinici. Questa raccolta offre schede dettagliate con informazioni tecniche, parametri chiave e recensioni basate sull&#8217;esperienza di chi li utilizza. SIMventory \u00e8 una guida intuitiva per studenti, educatori<a href=\"https:\/\/staging.simzine.news\/it\/simventory\/\">Continue reading <span class=\"sr-only\">&#8220;SIMventory&#8221;<\/span><\/a><\/p>\n","protected":false},"author":1,"featured_media":35188,"parent":0,"menu_order":0,"comment_status":"closed","ping_status":"closed","template":"archive-zinerva-page.php","meta":{"footnotes":""},"class_list":["post-35155","page","type-page","status-publish","has-post-thumbnail","hentry"],"yoast_head":"<!-- This site is optimized with the Yoast SEO plugin v25.5 - https:\/\/yoast.com\/wordpress\/plugins\/seo\/ -->\n<title>SIMventory - STAGING SIMZINE<\/title>\n<meta name=\"robots\" content=\"noindex, follow, max-snippet:-1, max-image-preview:large, max-video-preview:-1\" \/>\n<meta property=\"og:locale\" content=\"it_IT\" \/>\n<meta property=\"og:type\" content=\"article\" \/>\n<meta property=\"og:title\" content=\"SIMventory - STAGING SIMZINE\" \/>\n<meta property=\"og:description\" content=\"Benvenuti nel SIMventory! SIMventory \u00e8 una risorsa pensata per fornire una panoramica chiara e completa dei dispositivi di simulazione utilizzati nella formazione sanitaria e nella riduzione dei rischi clinici. Questa raccolta offre schede dettagliate con informazioni tecniche, parametri chiave e recensioni basate sull&#8217;esperienza di chi li utilizza. SIMventory \u00e8 una guida intuitiva per studenti, educatoriContinue reading &quot;SIMventory&quot;\" \/>\n<meta property=\"og:url\" content=\"https:\/\/staging.simzine.news\/it\/simventory\/\" \/>\n<meta property=\"og:site_name\" content=\"STAGING SIMZINE\" \/>\n<meta property=\"article:modified_time\" content=\"2025-02-14T16:55:15+00:00\" \/>\n<meta property=\"og:image\" content=\"https:\/\/staging.simzine.news\/wp-content\/uploads\/2024\/11\/Simzine_800x460_Simventory.png\" \/>\n\t<meta property=\"og:image:width\" content=\"800\" \/>\n\t<meta property=\"og:image:height\" content=\"460\" \/>\n\t<meta property=\"og:image:type\" content=\"image\/png\" \/>\n<meta name=\"twitter:card\" content=\"summary_large_image\" \/>\n<meta name=\"twitter:label1\" content=\"Tempo di lettura stimato\" \/>\n\t<meta name=\"twitter:data1\" content=\"2 minuti\" \/>\n<script type=\"application\/ld+json\" class=\"yoast-schema-graph\">{\"@context\":\"https:\/\/schema.org\",\"@graph\":[{\"@type\":\"WebPage\",\"@id\":\"https:\/\/staging.simzine.news\/it\/simventory\/\",\"url\":\"https:\/\/staging.simzine.news\/it\/simventory\/\",\"name\":\"SIMventory - STAGING SIMZINE\",\"isPartOf\":{\"@id\":\"https:\/\/staging.simzine.news\/#website\"},\"primaryImageOfPage\":{\"@id\":\"https:\/\/staging.simzine.news\/it\/simventory\/#primaryimage\"},\"image\":{\"@id\":\"https:\/\/staging.simzine.news\/it\/simventory\/#primaryimage\"},\"thumbnailUrl\":\"https:\/\/staging.simzine.news\/wp-content\/uploads\/2024\/11\/Simzine_800x460_Simventory.png\",\"datePublished\":\"2024-11-01T17:28:25+00:00\",\"dateModified\":\"2025-02-14T16:55:15+00:00\",\"inLanguage\":\"it-IT\",\"potentialAction\":[{\"@type\":\"ReadAction\",\"target\":[\"https:\/\/staging.simzine.news\/it\/simventory\/\"]}]},{\"@type\":\"ImageObject\",\"inLanguage\":\"it-IT\",\"@id\":\"https:\/\/staging.simzine.news\/it\/simventory\/#primaryimage\",\"url\":\"https:\/\/staging.simzine.news\/wp-content\/uploads\/2024\/11\/Simzine_800x460_Simventory.png\",\"contentUrl\":\"https:\/\/staging.simzine.news\/wp-content\/uploads\/2024\/11\/Simzine_800x460_Simventory.png\",\"width\":800,\"height\":460},{\"@type\":\"WebSite\",\"@id\":\"https:\/\/staging.simzine.news\/#website\",\"url\":\"https:\/\/staging.simzine.news\/\",\"name\":\"STAGING SIMZINE\",\"description\":\"\",\"potentialAction\":[{\"@type\":\"SearchAction\",\"target\":{\"@type\":\"EntryPoint\",\"urlTemplate\":\"https:\/\/staging.simzine.news\/?s={search_term_string}\"},\"query-input\":{\"@type\":\"PropertyValueSpecification\",\"valueRequired\":true,\"valueName\":\"search_term_string\"}}],\"inLanguage\":\"it-IT\"}]}<\/script>\n<!-- \/ Yoast SEO plugin. -->","yoast_head_json":{"title":"SIMventory - STAGING SIMZINE","robots":{"index":"noindex","follow":"follow","max-snippet":"max-snippet:-1","max-image-preview":"max-image-preview:large","max-video-preview":"max-video-preview:-1"},"og_locale":"it_IT","og_type":"article","og_title":"SIMventory - STAGING SIMZINE","og_description":"Benvenuti nel SIMventory! SIMventory \u00e8 una risorsa pensata per fornire una panoramica chiara e completa dei dispositivi di simulazione utilizzati nella formazione sanitaria e nella riduzione dei rischi clinici. Questa raccolta offre schede dettagliate con informazioni tecniche, parametri chiave e recensioni basate sull&#8217;esperienza di chi li utilizza. SIMventory \u00e8 una guida intuitiva per studenti, educatoriContinue reading \"SIMventory\"","og_url":"https:\/\/staging.simzine.news\/it\/simventory\/","og_site_name":"STAGING SIMZINE","article_modified_time":"2025-02-14T16:55:15+00:00","og_image":[{"width":800,"height":460,"url":"https:\/\/staging.simzine.news\/wp-content\/uploads\/2024\/11\/Simzine_800x460_Simventory.png","type":"image\/png"}],"twitter_card":"summary_large_image","twitter_misc":{"Tempo di lettura stimato":"2 minuti"},"schema":{"@context":"https:\/\/schema.org","@graph":[{"@type":"WebPage","@id":"https:\/\/staging.simzine.news\/it\/simventory\/","url":"https:\/\/staging.simzine.news\/it\/simventory\/","name":"SIMventory - STAGING SIMZINE","isPartOf":{"@id":"https:\/\/staging.simzine.news\/#website"},"primaryImageOfPage":{"@id":"https:\/\/staging.simzine.news\/it\/simventory\/#primaryimage"},"image":{"@id":"https:\/\/staging.simzine.news\/it\/simventory\/#primaryimage"},"thumbnailUrl":"https:\/\/staging.simzine.news\/wp-content\/uploads\/2024\/11\/Simzine_800x460_Simventory.png","datePublished":"2024-11-01T17:28:25+00:00","dateModified":"2025-02-14T16:55:15+00:00","inLanguage":"it-IT","potentialAction":[{"@type":"ReadAction","target":["https:\/\/staging.simzine.news\/it\/simventory\/"]}]},{"@type":"ImageObject","inLanguage":"it-IT","@id":"https:\/\/staging.simzine.news\/it\/simventory\/#primaryimage","url":"https:\/\/staging.simzine.news\/wp-content\/uploads\/2024\/11\/Simzine_800x460_Simventory.png","contentUrl":"https:\/\/staging.simzine.news\/wp-content\/uploads\/2024\/11\/Simzine_800x460_Simventory.png","width":800,"height":460},{"@type":"WebSite","@id":"https:\/\/staging.simzine.news\/#website","url":"https:\/\/staging.simzine.news\/","name":"STAGING SIMZINE","description":"","potentialAction":[{"@type":"SearchAction","target":{"@type":"EntryPoint","urlTemplate":"https:\/\/staging.simzine.news\/?s={search_term_string}"},"query-input":{"@type":"PropertyValueSpecification","valueRequired":true,"valueName":"search_term_string"}}],"inLanguage":"it-IT"}]}},"_links":{"self":[{"href":"https:\/\/staging.simzine.news\/it\/wp-json\/wp\/v2\/pages\/35155","targetHints":{"allow":["GET"]}}],"collection":[{"href":"https:\/\/staging.simzine.news\/it\/wp-json\/wp\/v2\/pages"}],"about":[{"href":"https:\/\/staging.simzine.news\/it\/wp-json\/wp\/v2\/types\/page"}],"author":[{"embeddable":true,"href":"https:\/\/staging.simzine.news\/it\/wp-json\/wp\/v2\/users\/1"}],"replies":[{"embeddable":true,"href":"https:\/\/staging.simzine.news\/it\/wp-json\/wp\/v2\/comments?post=35155"}],"version-history":[{"count":4,"href":"https:\/\/staging.simzine.news\/it\/wp-json\/wp\/v2\/pages\/35155\/revisions"}],"predecessor-version":[{"id":35224,"href":"https:\/\/staging.simzine.news\/it\/wp-json\/wp\/v2\/pages\/35155\/revisions\/35224"}],"wp:featuredmedia":[{"embeddable":true,"href":"https:\/\/staging.simzine.news\/it\/wp-json\/wp\/v2\/media\/35188"}],"wp:attachment":[{"href":"https:\/\/staging.simzine.news\/it\/wp-json\/wp\/v2\/media?parent=35155"}],"curies":[{"name":"wp","href":"https:\/\/api.w.org\/{rel}","templated":true}]}}