{"id":34171,"date":"2024-01-12T06:55:50","date_gmt":"2024-01-12T05:55:50","guid":{"rendered":"https:\/\/staging.simzine.news\/privacy-policy\/"},"modified":"2024-01-19T10:41:02","modified_gmt":"2024-01-19T09:41:02","slug":"privacy-policy","status":"publish","type":"page","link":"https:\/\/staging.simzine.news\/it\/privacy-policy\/","title":{"rendered":"Privacy Policy"},"content":{"rendered":"\r\n<p><strong>Informativa Contatti <\/strong><\/p><br><br>\r\n\r\n\r\n\r\n<p><strong>Chi siamo e cosa facciamo con i vostri dati personali?<\/strong> <\/p><br>\r\n\r\n\r\n\r\n<p>SIMEDITA srls., con sede in (50127) Firenze (FI), via Panciatichi 40\/11, (di seguito anche il \u201ctitolare\u201d), in qualit\u00e0 di titolare del trattamento, si preoccupa della riservatezza dei tuoi dati personali e di garantire ad essi la protezione necessaria da ogni evento che possa metterli a rischio di violazione. <\/p><br>\r\n\r\n\r\n\r\n<p>La titolare mette in pratica al fine policy e prassi aventi riguardo alla raccolta e all\u2019utilizzo dei dati personali e all\u2019esercizio dei diritti che ti sono riconosciuti dalla normativa applicabile. <\/p><br>\r\n\r\n\r\n\r\n<p>La titolare ha cura di aggiornare le policy e le prassi adottate per la protezione dei dati personali ogni volta che ci\u00f2 si renda necessario e comunque in caso di modifiche normative e organizzative che possano incidere sui trattamenti dei tuoi dati personali. <\/p><br>\r\n\r\n\r\n\r\n<p>The Data Controller has appointed a data protection officer (RPD or DPO) who you can contact if you have questions about the policies and practices adopted. <\/p><br>\r\n\r\n\r\n\r\n<p>Puoi contattare il RPD\/DPO agli indirizzi e ai recapiti che seguono: <\/p><br>\r\n\r\n\r\n\r\n<p>dpo@simzine.it <\/p><br>\r\n\r\n\r\n\r\n<p><strong>Come e perch\u00e9 raccoglie e tratta i tuoi dati il Titolare?<\/strong> <\/p><br>\r\n\r\n\r\n\r\n<p>Il Titolare raccoglie e\/o riceve le informazioni che ti riguardano, quali: <\/p><br>\r\n\r\n\r\n\r\n<p>nome, <\/p><br>\r\n\r\n\r\n\r\n<p>cognome <\/p><br>\r\n\r\n\r\n\r\n<p>email <\/p><br>\r\n\r\n\r\n\r\n<p>oggetto della richiesta <\/p><br>\r\n\r\n\r\n\r\n<p>I tuoi dati personali verranno trattati per: <\/p><br>\r\n\r\n\r\n\r\n<p>la richiesta di Informazioni relativa ad uno dei prodotti\/servizi offerti dal Titolare <\/p><br>\r\n\r\n\r\n\r\n<p>Il trattamento dei tuoi dati personali avviene per gestire la tua richiesta di contatto e di informazioni relativa ai prodotti\/servizi realizzati ed offerti dal Titolare e per dar corso alle attivit\u00e0 preliminari all\u2019instaurazione del rapporto contrattuale, nonch\u00e9 per l\u2019adempimento di ogni altro obbligo discendente da tale attivit\u00e0 quali la registrazione e l\u2019archiviazione dei tuoi dati personali. <\/p><br>\r\n\r\n\r\n\r\n<p>per l\u2019attivit\u00e0 di marketing avente ad oggetto i servizi del Titolare <\/p><br>\r\n\r\n\r\n\r\n<p>Il trattamento dei tuoi dati personali avviene per proporti servizi ulteriori a quelli di cui al servizio cui hai aderito, o anche migliorati o pi\u00f9 confacenti alla tua necessit\u00e0 e, al fine, per inviarti materiale pubblicitario. Il trattamento dei tuoi dati pu\u00f2 avvenire per:<\/p><br>\r\n\r\n\r\n\r\n<p> e-mail. <\/p><br>\r\n\r\n\r\n\r\n<p>Il trattamento in questione pu\u00f2 essere svolto se: <\/p><br>\r\n\r\n\r\n\r\n<p>presti il tuo consenso per l\u2019utilizzo dei dati anche con riferimento alle modalit\u00e0 di comunicazione, sia tradizionali che automatizzate, con cui avviene il trattamento;<\/p><br>\r\n\r\n\r\n\r\n<p>se, nel caso il trattamento si svolga mediante contatto con operatore telefonico, non sei iscritto al registro delle opposizioni di cui al D.P.R. n. 178\/ 2010; <\/p><br>\r\n\r\n\r\n\r\n<p>se non ti sei opposto al trattamento e\/o se, nel caso, non ti sia opposto in maniera specifica e separata all\u2019invio delle comunicazioni attraverso le modalit\u00e0 tradizionali e\/o attraverso mezzi automatici. <\/p><br>\r\n\r\n\r\n\r\n<p>per la comunicazione a terzi e destinatari <\/p><br>\r\n\r\n\r\n\r\n<p>Finalit\u00e0 <\/p><br>\r\n\r\n\r\n\r\n<p>Base giuridica <\/p><br>\r\n\r\n\r\n\r\n<p>comunicazione a terzi quali: \u00b7 <\/p><br>\r\n\r\n\r\n\r\n<p>Societ\u00e0 di assistenza Informatica <\/p><br>\r\n\r\n\r\n\r\n<p>attivit\u00e0 preordinate alla conclusione del contratto <\/p><br>\r\n\r\n\r\n\r\n<p>Il Titolare trasferisce i tuoi dati personali nei seguenti paesi extra UE, con piena assicurazione delle garanzie previste dalla normativa europea: <\/p><br>\r\n\r\n\r\n\r\n<p>USA: sussistenza di clausola contrattuale standard del 5 febbraio 2010 n. 2010\/87. <\/p><br>\r\n\r\n\r\n\r\n<p>La comunicazione e la diffusione riguardano le categorie di dati la cui trasmissione e\/o divulgazione si rendano necessarie per lo svolgimento delle attivit\u00e0 e finalit\u00e0 perseguite dal Titolare nella gestione del rapporto instaurato. Il relativo trattamento non richiede il consenso dell\u2019interessato nel caso in cui lo stesso avvenga a fronte di obblighi di legge o per dar corso agli obblighi derivanti dal rapporto contrattuale o nel caso dovesse ricorrere altra ipotesi di esclusione (in specie interesse legittimo interesse del Titolare), espressamente prevista o dipendente dalla normativa e dai regolamenti applicati dal Titolare, o anche mediante soggetti terzi individuati quali responsabili del trattamento; <\/p><br>\r\n\r\n\r\n\r\n<p>per finalit\u00e0 di sicurezza informatica <\/p><br>\r\n\r\n\r\n\r\n<p>Il Titolare tratta, anche per mezzo dei suoi fornitori (terzi e\/o destinatari), i tuoi dati personali, in misura strettamente necessaria e proporzionata per garantire la sicurezza e la capacit\u00e0 di una rete o dei server ad essa connessi di resistere, a un dato livello di sicurezza, a eventi imprevisti o atti illeciti o dolosi che compromettano la disponibilit\u00e0, l\u2019autenticit\u00e0, l\u2019integrit\u00e0 e la riservatezza dei dati personali conservati o trasmessi. <\/p><br>\r\n\r\n\r\n\r\n<p>Per queste finalit\u00e0, il Titolare del trattamento prevede procedure per la gestione della violazione dei dati personali (data breach). <\/p><br>\r\n\r\n\r\n\r\n<p><strong>Cosa succede se non si forniscono i dati?<\/strong><\/p><br><br>\r\n\r\n\r\n\r\n<p>Il Titolare se non fornisci i tuoi dati personali, non potr\u00e0 dar seguito ai trattamenti legati alla gestione delle trattative precontrattuali n\u00e9 agli adempimenti che da essa dipendono. <\/p><br>\r\n\r\n\r\n\r\n<p>Il Titolare ha inteso svolgere alcuni trattamenti in funzione di determinati legittimi interessi che non pregiudicano il tuo diritto alla riservatezza, come quelli che: <\/p><br>\r\n\r\n\r\n\r\n<p>permettono di prevenire incidenti informatici e la notificazione all\u2019autorit\u00e0 di controllo o la comunicazione agli utenti, se necessarie, della violazione dei dati personali; <\/p><br>\r\n\r\n\r\n\r\n<p>permettono la comunicazione a terzi\/destinatari per attivit\u00e0 legate a quelle di gestione del contratto. <\/p><br>\r\n\r\n\r\n\r\n<p><strong>Che cosa succede se non dai il tuo consenso al trattamento dei dati personali per finalit\u00e0 di marketing (diretto, ricerche e indagini di mercato) proprie del Titolare?<\/strong> <\/p><br>\r\n\r\n\r\n\r\n<p>Il trattamento dei tuoi dati personali non avverr\u00e0 per tali finalit\u00e0; ci\u00f2 non comporter\u00e0 effetti per il trattamento dei tuoi dati per le finalit\u00e0 principali, n\u00e9 per quello per cui hai gi\u00e0 dato il tuo consenso, se richiesto. <\/p><br>\r\n\r\n\r\n\r\n<p><strong>Come e per quanto tempo vengono conservati i tuoi dati?<\/strong> <\/p><br>\r\n\r\n\r\n\r\n<p>Come <\/p><br>\r\n\r\n\r\n\r\n<p>Il trattamento dei dati \u00e8 eseguito attraverso supporti cartacei o procedure informatiche da parte di soggetti interni appositamente autorizzati e formati. A questi \u00e8 consentito l\u2019accesso ai tuoi dati personali nella misura e nei limiti in cui esso \u00e8 necessario per lo svolgimento delle attivit\u00e0 di trattamento che ti riguardano. I dati appartenenti a categorie particolari sono trattati separatamente dagli altri anche mediante metodi di pseudonimizzazione o di aggregazione che non permettano di identificarti in modo agevole. <\/p><br>\r\n\r\n\r\n\r\n<p>Il Titolare verifica periodicamente gli strumenti con cui vengono trattati i Suoi dati e le misure di sicurezza previste per gli stessi, di cui richiede il costante aggiornamento; verifica, anche attraverso i soggetti autorizzati al trattamento, che non vengano raccolti, trattati, archiviati o conservati dati personali di cui non \u00e8 necessario il trattamento; verifica che i dati siano conservati con garanzia di integrit\u00e0 e autenticit\u00e0 e del loro utilizzo per le finalit\u00e0 dei trattamenti effettivamente svolti. <\/p><br>\r\n\r\n\r\n\r\n<p>Quanto tempo <\/p><br>\r\n\r\n\r\n\r\n<p>I dati personali trattati dal Titolare vengono conservati per il tempo necessario al compimento delle attivit\u00e0 legate alla gestione della trattativa precontrattuale con il Titolare e fino a 2 anni ad eccezione dell\u2019instaurazione del rapporto contrattuale. <\/p><br>\r\n\r\n\r\n\r\n<p>I dati personali trattati dal Titolare per le finalit\u00e0 di marketing (diretto, ricerche e indagini di mercato) saranno conservati per 24 mesi dal Titolare salvo revoca del consenso che hai prestato e\/o salvo opposizione al trattamento. <\/p><br>\r\n\r\n\r\n\r\n<p>\u00c8 fatto comunque salvo il tuo diritto di opporti in ogni momento ai trattamenti fondati sul legittimo interesse per motivi connessi alla tua situazione particolare. <\/p><br>\r\n\r\n\r\n\r\n<p><strong>Quali sono i tuoi diritti? <\/strong><\/p><br><br>\r\n\r\n\r\n\r\n<p>In sostanza tu, in ogni momento e a titolo gratuito e senza oneri e formalit\u00e0 particolari per la tua richiesta, puoi; <\/p><br>\r\n\r\n\r\n\r\n<p>ottenere la conferma del trattamento effettuato dal Titolare; <\/p><br>\r\n\r\n\r\n\r\n<p>accedere ai propri dati personali e conoscerne l&#8217;origine (quando i dati non sono ottenuti direttamente da Lei), le finalit\u00e0 e gli scopi del trattamento, i dati dei soggetti a cui sono comunicati, il periodo di conservazione dei Suoi dati o i criteri utili per determinarlo; <\/p><br>\r\n\r\n\r\n\r\n<p>revocare il consenso in qualunque momento, nel caso in cui questo costituisca la base del trattamento. La revoca del consenso comunque non pregiudica la liceit\u00e0 del trattamento basato sul consenso svolto prima della revoca stessa; <\/p><br>\r\n\r\n\r\n\r\n<p>aggiornare o rettificare i Suoi dati personali in modo che siano sempre accurati e precisi; <\/p><br>\r\n\r\n\r\n\r\n<p>cancellare i Suoi dati personali dalle banche dati e\/o dagli archivi, anche di backup, del Titolare del trattamento nel caso, tra gli altri, in cui essi non siano pi\u00f9 necessari per le finalit\u00e0 del trattamento o nel caso in cui questo si assuma illecito, e sempre se sussistono le condizioni richieste dalla legge; e comunque nel caso in cui il trattamento non sia giustificato da un altro motivo ugualmente legittimo; <\/p><br>\r\n\r\n\r\n\r\n<p>limitare il trattamento dei Suoi dati personali in determinate circostanze, ad esempio nel caso in cui Lei ne abbia contestato l&#8217;esattezza, per il periodo necessario al Titolare del trattamento per verificarne l&#8217;esattezza. Dovr\u00e0 inoltre essere informato, in tempi ragionevoli, del completamento del periodo di sospensione o della cessazione della causa della limitazione del trattamento, e quindi della revoca della limitazione stessa; <\/p><br>\r\n\r\n\r\n\r\n<p>ottenere i tuoi dati personali, se ricevuti e\/o comunque trattati dal Titolare con il tuo consenso e\/o se il loro trattamento avvenga sulla base di un contratto e con strumenti automatizzati, in formato elettronico anche al fine di trasmetterli ad altro titolare del trattamento. <\/p><br>\r\n\r\n\r\n\r\n<p>Il Titolare dovr\u00e0 procedere in tal senso senza ritardo e, comunque, al pi\u00f9 tardi entro un mese dal ricevimento della tua richiesta. Il termine pu\u00f2 essere prorogato di due mesi, se necessario, tenuto conto della complessit\u00e0 e del numero delle richieste ricevute dal Titolare. In tali casi il Titolare entro un mese dal ricevimento della tua richiesta, ti informer\u00e0 e ti metter\u00e0 al corrente dei motivi della proroga. <\/p><br>\r\n\r\n\r\n\r\n<p>Per ogni ulteriore informazione e comunque per inviare la tua richiesta devi rivolgerti al Titolare all\u2019indirizzo info@nume.plus. <\/p><br>\r\n\r\n\r\n\r\n<p><strong>Come e quando potete opporvi al trattamento dei vostri dati personali?<\/strong> <\/p><br>\r\n\r\n\r\n\r\n<p>Per motivi relativi alla tua situazione particolare, puoi opporti in ogni momento al trattamento dei tuoi dati personali se esso \u00e8 fondato sul legittimo interesse o se riguarda i trattamenti di dati personali il cui conferimento \u00e8 sottoposto al tuo consenso, inviando la tua richiesta al Titolare all\u2019indirizzo info@nume.plus. <\/p><br>\r\n\r\n\r\n\r\n<p>Tu hai diritto alla cancellazione dei tuoi dati personali se non esiste un motivo legittimo prevalente rispetto a quello che ha dato origine alla tua richiesta, e comunque nel caso in cui tu ti sia opposto al trattamento. <\/p><br>\r\n\r\n\r\n\r\n<p><strong>A chi si pu\u00f2 presentare un reclamo? <\/strong><\/p><br><br>\r\n\r\n\r\n\r\n<p>Fatta salva ogni altra azione in sede amministrativa o giudiziale, tu puoi presentare un reclamo all\u2019autorit\u00e0 di controllo competente ovvero a quella che svolge i suoi compiti ed esercita i suoi poteri in Italia, dove hai la tua residenza abituale o lavori o se diverso nello Stato membro dove \u00e8 avvenuta la violazione del Regolamento (UE) 2016\/679. <\/p><br>\r\n\r\n\r\n\r\n<p>Ogni aggiornamento della presente informativa ti sar\u00e0 comunicato tempestivamente e mediante mezzi congrui e altrettanto ti sar\u00e0 comunicato se il Titolare dar\u00e0 seguito al trattamento dei tuoi dati per finalit\u00e0 ulteriori rispetto a quelle di cui alla presente informativa prima di procedervi e in tempo per prestare il tuo consenso se necessario.<\/p>\r\n","protected":false},"excerpt":{"rendered":"<p>Informativa Contatti Chi siamo e cosa facciamo con i vostri dati personali? SIMEDITA srls., con sede in (50127) Firenze (FI), via Panciatichi 40\/11, (di seguito anche il \u201ctitolare\u201d), in qualit\u00e0 di titolare del trattamento, si preoccupa della riservatezza dei tuoi dati personali e di garantire ad essi la protezione necessaria da ogni evento che possa<a href=\"https:\/\/staging.simzine.news\/it\/privacy-policy\/\">Continue reading <span class=\"sr-only\">&#8220;Privacy Policy&#8221;<\/span><\/a><\/p>\n","protected":false},"author":1,"featured_media":0,"parent":0,"menu_order":0,"comment_status":"closed","ping_status":"closed","template":"","meta":{"footnotes":""},"class_list":["post-34171","page","type-page","status-publish","hentry"],"yoast_head":"<!-- This site is optimized with the Yoast SEO plugin v25.5 - https:\/\/yoast.com\/wordpress\/plugins\/seo\/ -->\n<title>Privacy Policy - STAGING SIMZINE<\/title>\n<meta name=\"robots\" content=\"noindex, follow, max-snippet:-1, max-image-preview:large, max-video-preview:-1\" \/>\n<meta property=\"og:locale\" content=\"it_IT\" \/>\n<meta property=\"og:type\" content=\"article\" \/>\n<meta property=\"og:title\" content=\"Privacy Policy - STAGING SIMZINE\" \/>\n<meta property=\"og:description\" content=\"Informativa Contatti Chi siamo e cosa facciamo con i vostri dati personali? SIMEDITA srls., con sede in (50127) Firenze (FI), via Panciatichi 40\/11, (di seguito anche il \u201ctitolare\u201d), in qualit\u00e0 di titolare del trattamento, si preoccupa della riservatezza dei tuoi dati personali e di garantire ad essi la protezione necessaria da ogni evento che possaContinue reading &quot;Privacy Policy&quot;\" \/>\n<meta property=\"og:url\" content=\"https:\/\/staging.simzine.news\/it\/privacy-policy\/\" \/>\n<meta property=\"og:site_name\" content=\"STAGING SIMZINE\" \/>\n<meta property=\"article:modified_time\" content=\"2024-01-19T09:41:02+00:00\" \/>\n<meta name=\"twitter:card\" content=\"summary_large_image\" \/>\n<meta name=\"twitter:label1\" content=\"Tempo di lettura stimato\" \/>\n\t<meta name=\"twitter:data1\" content=\"8 minuti\" \/>\n<script type=\"application\/ld+json\" class=\"yoast-schema-graph\">{\"@context\":\"https:\/\/schema.org\",\"@graph\":[{\"@type\":\"WebPage\",\"@id\":\"https:\/\/staging.simzine.news\/it\/privacy-policy\/\",\"url\":\"https:\/\/staging.simzine.news\/it\/privacy-policy\/\",\"name\":\"Privacy Policy - STAGING SIMZINE\",\"isPartOf\":{\"@id\":\"https:\/\/staging.simzine.news\/#website\"},\"datePublished\":\"2024-01-12T05:55:50+00:00\",\"dateModified\":\"2024-01-19T09:41:02+00:00\",\"inLanguage\":\"it-IT\",\"potentialAction\":[{\"@type\":\"ReadAction\",\"target\":[\"https:\/\/staging.simzine.news\/it\/privacy-policy\/\"]}]},{\"@type\":\"WebSite\",\"@id\":\"https:\/\/staging.simzine.news\/#website\",\"url\":\"https:\/\/staging.simzine.news\/\",\"name\":\"STAGING SIMZINE\",\"description\":\"\",\"potentialAction\":[{\"@type\":\"SearchAction\",\"target\":{\"@type\":\"EntryPoint\",\"urlTemplate\":\"https:\/\/staging.simzine.news\/?s={search_term_string}\"},\"query-input\":{\"@type\":\"PropertyValueSpecification\",\"valueRequired\":true,\"valueName\":\"search_term_string\"}}],\"inLanguage\":\"it-IT\"}]}<\/script>\n<!-- \/ Yoast SEO plugin. -->","yoast_head_json":{"title":"Privacy Policy - STAGING SIMZINE","robots":{"index":"noindex","follow":"follow","max-snippet":"max-snippet:-1","max-image-preview":"max-image-preview:large","max-video-preview":"max-video-preview:-1"},"og_locale":"it_IT","og_type":"article","og_title":"Privacy Policy - STAGING SIMZINE","og_description":"Informativa Contatti Chi siamo e cosa facciamo con i vostri dati personali? SIMEDITA srls., con sede in (50127) Firenze (FI), via Panciatichi 40\/11, (di seguito anche il \u201ctitolare\u201d), in qualit\u00e0 di titolare del trattamento, si preoccupa della riservatezza dei tuoi dati personali e di garantire ad essi la protezione necessaria da ogni evento che possaContinue reading \"Privacy Policy\"","og_url":"https:\/\/staging.simzine.news\/it\/privacy-policy\/","og_site_name":"STAGING SIMZINE","article_modified_time":"2024-01-19T09:41:02+00:00","twitter_card":"summary_large_image","twitter_misc":{"Tempo di lettura stimato":"8 minuti"},"schema":{"@context":"https:\/\/schema.org","@graph":[{"@type":"WebPage","@id":"https:\/\/staging.simzine.news\/it\/privacy-policy\/","url":"https:\/\/staging.simzine.news\/it\/privacy-policy\/","name":"Privacy Policy - STAGING SIMZINE","isPartOf":{"@id":"https:\/\/staging.simzine.news\/#website"},"datePublished":"2024-01-12T05:55:50+00:00","dateModified":"2024-01-19T09:41:02+00:00","inLanguage":"it-IT","potentialAction":[{"@type":"ReadAction","target":["https:\/\/staging.simzine.news\/it\/privacy-policy\/"]}]},{"@type":"WebSite","@id":"https:\/\/staging.simzine.news\/#website","url":"https:\/\/staging.simzine.news\/","name":"STAGING SIMZINE","description":"","potentialAction":[{"@type":"SearchAction","target":{"@type":"EntryPoint","urlTemplate":"https:\/\/staging.simzine.news\/?s={search_term_string}"},"query-input":{"@type":"PropertyValueSpecification","valueRequired":true,"valueName":"search_term_string"}}],"inLanguage":"it-IT"}]}},"_links":{"self":[{"href":"https:\/\/staging.simzine.news\/it\/wp-json\/wp\/v2\/pages\/34171","targetHints":{"allow":["GET"]}}],"collection":[{"href":"https:\/\/staging.simzine.news\/it\/wp-json\/wp\/v2\/pages"}],"about":[{"href":"https:\/\/staging.simzine.news\/it\/wp-json\/wp\/v2\/types\/page"}],"author":[{"embeddable":true,"href":"https:\/\/staging.simzine.news\/it\/wp-json\/wp\/v2\/users\/1"}],"replies":[{"embeddable":true,"href":"https:\/\/staging.simzine.news\/it\/wp-json\/wp\/v2\/comments?post=34171"}],"version-history":[{"count":3,"href":"https:\/\/staging.simzine.news\/it\/wp-json\/wp\/v2\/pages\/34171\/revisions"}],"predecessor-version":[{"id":34242,"href":"https:\/\/staging.simzine.news\/it\/wp-json\/wp\/v2\/pages\/34171\/revisions\/34242"}],"wp:attachment":[{"href":"https:\/\/staging.simzine.news\/it\/wp-json\/wp\/v2\/media?parent=34171"}],"curies":[{"name":"wp","href":"https:\/\/api.w.org\/{rel}","templated":true}]}}