{"id":34018,"date":"2024-01-12T06:08:38","date_gmt":"2024-01-12T05:08:38","guid":{"rendered":"https:\/\/staging.simzine.news\/about-us\/"},"modified":"2024-02-01T07:43:07","modified_gmt":"2024-02-01T06:43:07","slug":"about-us","status":"publish","type":"page","link":"https:\/\/staging.simzine.news\/it\/about-us\/","title":{"rendered":"Chi siamo"},"content":{"rendered":"\r\n<div class=\"static-page-header max-w-screen-md w-full px-10\">\r\n<h1 class=\"text-4xl font-bold mb-3\">Chi siamo<\/h1>\r\n<ul class=\"mx-auto text-left\">\r\n \t<li class=\"text-primary font-semibold py-1\"><a href=\"#become-an-author\">DIVENTARE UN AUTORE<\/a><\/li>\r\n \t<li class=\"text-primary font-semibold py-1\"><a href=\"#media-partners\">PARTNER MEDIA<\/a><\/li>\r\n \t<li class=\"text-primary font-semibold py-1\"><a href=\"#the-team\">IL TEAM<\/a><\/li>\r\n \t<li class=\"text-primary font-semibold py-1\"><a href=\"#editorial-independence\">INDIPENDENZA E TRASPARENZA EDITORIALE<\/a><\/li>\r\n \t<li class=\"text-primary font-semibold py-1\"><a href=\"#adv\">PUBBLICIT\u00c0<\/a><\/li>\r\n \t<li class=\"text-primary font-semibold py-1\"><a href=\"#contacts\">CONTATTI<\/a><\/li>\r\n<\/ul>\r\n<\/div>\r\n<div class=\"max-w-screen-md mx-auto simzine-entry-content text-base\"><article>\r\n<h2 class=\"mx-auto text-4xl font-semibold text-center mb-4\">CHI SIAMO<\/h2>\r\n<p><span class=\"text-primary font-semibold\">SIMZINE<\/span> \u00e8 una rivista per professionisti del settore sanitario, dedicata a un ampio spettro di argomenti essenziali per la simulazione e la formazione in ambito sanitario. Attraverso articoli di stampa, storie online e contenuti multimediali, SIMZINE approfondisce le ultime tecniche innovative, le scoperte teoriche e le nuove tecnologie. Gli articoli di SIMZINE sono concisi, accurati e divertenti, e presentano qualsiasi tipo di contenuto, compresi gli ultimi sviluppi o le ricerche pi\u00f9 complesse, in modo accessibile, cos\u00ec che non \u00e8 necessario essere ricercatori o esperti per apprezzarli.\r\n\r\n<\/p><br>\r\n\t\t\t\t\t\t<p>\r\n\r\nLa sede operativa \u00e8 in Italia, ma SIMZINE \u00e8 apprezzato dai maggiori esperti dell&#8217;industria e del mondo accademico di tutto il mondo che cercano analisi approfondite e prospettive diverse sui temi dell&#8217;educazione basata sulla simulazione.\r\n\r\n<\/p><br>\r\n\t\t\t\t\t\t<p>\r\n\r\n<span class=\"text-primary font-semibold\">SIMZINE<\/span> \u00e8 multilingue [ogni articolo \u00e8 disponibile in inglese, spagnolo, italiano e alcuni anche in francese e portoghese] e vuole dare voce a chiunque abbia qualcosa da dire e che valga la pena di diffondere. SIMZINE ritiene importante riportare e condividere non solo fatti ma anche esperienze vissute, senza dover sottostare alla rigidit\u00e0 delle riviste scientifiche ma garantendo l&#8217;accuratezza delle fonti.\r\n<\/p><br>\r\n\r\n<img decoding=\"async\" class=\"rounded-md py-4 mt-3\" style=\"background-color:white;\"  src=\"https:\/\/staging.simzine.news\/wp-content\/themes\/simzine\/img\/simzine-simulation-magazine-about-us.png\" alt=\"SIMZINE About Us\" \/><br>\r\n<span id=\"become-an-author\"><\/span>\r\n<span class=\"block mt-4 w-full bg-primary p-1 text-white text-center text-lg\">ISSN 2785-7468<\/span><br>\r\n\r\n<hr class=\"border-[1px] m-3 mx-auto border-primary w-3\/4\" \/>\r\n\r\n<\/article><article class=\"mt-10\">\r\n<h2 class=\"mx-auto text-4xl font-semibold text-center mb-4\">Diventare un autore<\/h2>\r\n<p><span class=\"text-primary font-semibold\">SIMZINE<\/span> incoraggia attivamente l&#8217;invio di saggi, opinioni e recensioni di dispositivi o software da parte di medici, accademici, tecnici e professionisti nel campo della simulazione e dell&#8217;educazione sanitaria. Il nostro obiettivo \u00e8 quello di presentare una variet\u00e0 di voci e prospettive e di offrire a tutti una piattaforma per evidenziare questioni e dibattiti importanti che altrimenti potrebbero non trovare spazio.\r\n\r\n<\/p><br>\r\n\t\t\t\t\t\t<p>\r\n\r\nI seguenti sono i tipi di contributi che siamo lieti di condividere con i nostri lettori: <\/p>\r\n\t\t\t\t\t\t<p>\r\n\r\n<span class=\"text-primary\">\u2022 Articoli brevi:<\/span> nel rispetto della rigorosa qualit\u00e0 editoriale di SIMZINE, si tratta di pezzi concisi e puntuali. La loro lunghezza va dalle 1000 alle 1200 parole e possono includere opinioni, speculazioni ed esperienze personali.\r\n\r\n<\/p><br>\r\n\t\t\t\t\t\t<p>\r\n\r\n<span class=\"text-primary\">\u2022 Saggi:<\/span> approfondimenti di argomenti complessi, realizzati da menti innovative e appassionate. Questi articoli devono contenere da 2000 a 3000 parole di testo principale e da 3 a 5 elementi espositivi (figure o tabelle) con brevi legende. Il testo principale deve essere suddiviso in sezioni con brevi sottotitoli. Gli articoli devono essere composti con un linguaggio semplice e chiaro, che possa essere facilmente compreso dai simulazionisti e dai non esperti della disciplina. Questo approccio si differenzia nettamente dal tono accademico e dalla complessit\u00e0 che si riscontrano di solito negli articoli di riviste o nelle recensioni.\r\n\r\n<\/p><br>\r\n\t\t\t\t\t\t<p>\r\n\r\n<span class=\"text-primary\">\u2022 Recensioni di libri o media <\/span> (massimo 800 parole): offrono approfondimenti su libri, mostre, conferenze, podcast e altre forme di media recenti che dovrebbero catturare l&#8217;interesse diffuso del nostro pubblico.\r\n\r\n<\/p><br>\r\n\t\t\t\t\t\t<p>\r\n\r\n<span class=\"text-primary\">\u2022 Recensioni di software o dispositivi <\/span> (1000-1200 parole): il suo scopo principale \u00e8 quello di guidare il lettore agli aspetti essenziali del software o del dispositivo, mantenendo un approccio leggero. Condivide l&#8217;esperienza dell&#8217;autore con l&#8217;articolo, aiutando i lettori a scoprire quali caratteristiche offre l&#8217;articolo e a capire se soddisfa le loro esigenze didattiche. L&#8217;autore dovrebbe elencare i pro e i contro e concludere con un giudizio finale conciso.\r\n\r\n<\/p><br>\r\n\t\t\t\t\t\t<p>\r\n\r\n<span class=\"text-primary\">\u2022 Video and Podcast:<\/span> serie di audio e video digitali incentrate sull&#8217;intersezione tra tecnologia di simulazione e strategie educative. Presentano discussioni, interviste e storie sull&#8217;uso della simulazione per la formazione, l&#8217;apprendimento e lo sviluppo in vari campi, in particolare per migliorare le competenze, la comprensione di sistemi complessi e i risultati educativi.\r\n\r\n<\/p><br>\r\n\t\t\t\t\t\t<p>\r\n\r\nQualunque sia la forma, la preparazione di un contributo per la pubblicazione su SIMZINE \u00e8 uno sforzo collaborativo che coinvolge l&#8217;intero staff. Almeno un redattore di contenuti esamina il pezzo prima della sua pubblicazione. Questi redattori svolgono un ruolo cruciale nel garantire che i dettagli critici siano non solo inclusi, ma anche accurati e pertinenti al nostro settore specializzato. Il nostro team di progettazione, guidato dal direttore del design, seleziona e perfeziona elementi visivi come foto, video e infografiche per valorizzare le nostre storie, talvolta creando questi elementi internamente per allinearli con precisione ai contenuti. Nel frattempo, il team di produzione web e social media \u00e8 determinante per la creazione di titoli accattivanti, la gestione del processo di pubblicazione online e lo sviluppo di post su misura per piattaforme come LinkedIn, Facebook e Instagram. Questo assicura che i nostri contenuti raggiungano un ampio pubblico di simulatori sanitari, educatori e appassionati attraverso vari canali digitali.\r\nFinch\u00e9 il nostro sistema di invio elettronico non sar\u00e0 pronto, si prega di inviare il manoscritto via e-mail a <span class=\"text-primary\">redazione@simzine.it.<\/span>\r\nPreferiamo che i file siano preparati utilizzando il nostro <span class=\"text-primary\">modello Word.<\/span> I manoscritti vengono valutati da almeno un redattore e le decisioni vengono comunicate agli autori via e-mail. I manoscritti scelti per la pubblicazione vengono sottoposti a editing per migliorarne la precisione e la chiarezza, oltre che per regolarne la lunghezza.\r\n\r\n<\/p><br>\r\n\t\t\t\t\t\t<p>\r\n\r\n<span class=\"font-semibold\">Correzioni<\/span><br>\r\nChiunque riscontri errori, omissioni e imprecisioni nei materiali, nei dati e nelle informazioni pubblicate, o ritenga che tali materiali, dati, informazioni violino i propri diritti, pu\u00f2 inviare una e-mail a Simedita Srls:\r\ninfo@simzine.it e, dopo una nostra attenta verifica, provvederemo a correggere o cancellare i contenuti segnalati.\r\n\r\n<\/p><span id=\"media-partners\"><\/span>\r\n<div class=\"w-full flex justify-center my-12\"><a class=\"primary-button text-2xl\" href=\"https:\/\/staging.simzine.news\/it\/become-an-author\/\">Diventa un autore<\/a><\/div>\r\n\r\n<hr class=\"border-[1px] m-3 mx-auto border-primary w-3\/4\" \/>\r\n\r\n<\/article><article class=\"mt-10\"><\/p>\r\n<h2 class=\"mx-auto text-4xl font-semibold text-center mb-4\">Partner Media<\/h2>\r\n<p><span class=\"text-primary font-semibold\">SIMZINE<\/span> ha instaurato un potente rapporto con le Societ\u00e0 Scientifiche al fine di espandere le proprie capacit\u00e0 e la propria portata a livello globale. Per soddisfare al meglio le esigenze dei nostri partner, proponiamo offerte di partnership personalizzate. Per maggiori informazioni sulle opportunit\u00e0 di partnership, contattateci.\r\n\r\n<\/p><br>\r\n\t\t\t\t\t\t<p>\r\n\r\n<span class=\"text-primary font-semibold\">SIMZINE<\/span> \u00e8 orgogliosa della sua alleanza con i seguenti partner ed eventi di supporto.<\/p>\r\n<div class=\"container relative max-w-screen-xl mx-auto bg-surface dark:bg-primary-950 lg:rounded-2xl px-5 sm:px-20 py-8 mt-12 w-full lg:w-[150%] lg:-ml-[25%]\">\r\n<h2 class=\"mx-auto text-4xl font-semibold text-center mb-4\">Societ\u00e0 scientifiche<\/h2>\r\n<div class=\"grid grid-cols-2 md:grid-cols-3 lg:grid-cols-4 gap-6 2xl:gap-8 mt-10\">\r\n<div class=\"flex items-center\"><img decoding=\"async\" class=\"h-48 w-48 object-cover rounded-2xl\" src=\"https:\/\/staging.simzine.news\/wp-content\/themes\/simzine\/img\/about-us\/society1.png\" alt=\"SIMZINE About Us\" \/><\/div>\r\n<div class=\"flex items-center justify-center\">\r\n\t\t\t\t\t\t\t<a href=\"https:\/\/www.sessep.com\/\" target=\"_blank\" rel=\"noopener\">\t\t<img decoding=\"async\" class=\"h-48 w-48 object-cover rounded-2xl\" src=\"https:\/\/staging.simzine.news\/wp-content\/themes\/simzine\/img\/about-us\/society2.png\" alt=\"SIMZINE About Us\"><\/a>\r\n\t\t\t\t\t\t\t\t<\/div>\r\n\t\t\t\t\t\t\t\t<div class=\"flex items-center justify-center\">\r\n\t\t\t\t\t<a href=\"https:\/\/www.inacsl.org\/\" target=\"_blank\" rel=\"noopener\">\t\t\t\t<img decoding=\"async\" class=\"h-48 w-48 object-cover rounded-2xl\" src=\"https:\/\/staging.simzine.news\/wp-content\/themes\/simzine\/img\/about-us\/society3.png\" alt=\"SIMZINE About Us\"><\/a>\r\n\t\t\t\t\t\t\t\t<\/div>\r\n\t\t\t\t\t\t\t\t<div class=\"flex items-center justify-center\">\r\n\t\t\t\t\t\t\t\t<a href=\"https:\/\/simghosts.org\/\" target=\"_blank\" rel=\"noopener\">\t<img decoding=\"async\" class=\"h-48 w-48 object-cover rounded-2xl\" src=\"https:\/\/staging.simzine.news\/wp-content\/themes\/simzine\/img\/about-us\/society4.png\" alt=\"SIMZINE About Us\"><\/a>\r\n\t\t\t\t\t\t\t\t<\/div>\r\n\t\t\t\t\t\t\t\t<div class=\"flex items-center justify-center\">\r\n\t\t\t\t\t\t\t<a href=\"https:\/\/www.sochisim.org\/\" target=\"_blank\" rel=\"noopener\">\t\t<img decoding=\"async\" class=\"h-48 w-48 object-cover rounded-2xl\" src=\"https:\/\/staging.simzine.news\/wp-content\/themes\/simzine\/img\/about-us\/society5.png\" alt=\"SIMZINE About Us\"><\/a>\r\n\t\t\t\t\t\t\t\t<\/div>\r\n\t\t\t\t\t\t\t\t<div class=\"flex items-center justify-center\">\r\n\t\t\t\t\t\t\t<a href=\"https:\/\/aspih.org.uk\/\" target=\"_blank\" rel=\"noopener\">\t\t<img decoding=\"async\" class=\"w-48 object-cover rounded-2xl\" src=\"https:\/\/staging.simzine.news\/wp-content\/themes\/simzine\/img\/about-us\/society6.png\" alt=\"SIMZINE About Us\"><\/a>\r\n\t\t\t\t\t\t\t\t<\/div>\r\n\t\t\t\t\t\t\t\t<div class=\"flex items-center justify-center\">\r\n\t\t\t\t\t\t<a href=\"https:\/\/www.sesam-web.org\/\" target=\"_blank\" rel=\"noopener\">\t\t\t<img decoding=\"async\" class=\"w-48 object-cover rounded-2xl\" src=\"https:\/\/staging.simzine.news\/wp-content\/themes\/simzine\/img\/about-us\/society7.png\" alt=\"SIMZINE About Us\"><\/a>\r\n\t\t\t\t\t\t\t\t<\/div>\r\n\t\t\t\t\t\t\t\t<div class=\"flex items-center justify-center\">\r\n\t\t\t\t\t<a href=\"https:\/\/simmed.it\/\" target=\"_blank\" rel=\"noopener\">\t\t\t\t<img decoding=\"async\" class=\"h-48 w-48 object-cover rounded-2xl\" src=\"https:\/\/staging.simzine.news\/wp-content\/themes\/simzine\/img\/about-us\/society8.jpg\" alt=\"SIMZINE About Us\"><\/a>\r\n\t\t\t\t\t\t\t\t<\/div>\r\n\t\t\t\t\t\t\t<\/div>\r\n\t\t\t\t\t\t<\/div>\r\n\t\t\t\t\t\t<div class=\"container relative max-w-screen-xl mx-auto bg-surface dark:bg-primary-950 lg:rounded-2xl px-5 sm:px-20 py-8 mt-12 w-full\">\r\n\t\t\t\t\t\t\t<h2 class=\"mx-auto text-4xl font-semibold text-center mb-4\">Eventi<\/h2>\r\n\t\t\t\t\t\t\t<div class=\"grid grid-cols-2 gap-6 2xl:gap-8 mt-10 mx-auto\">\r\n\t\t\t\t\t\t\t\t<div class=\"flex items-center justify-center\">\r\n\t\t\t\t\t\t<a href=\"https:\/\/aspihconference.co.uk\/\" target=\"_blank\" rel=\"noopener\">\t\t\t<img decoding=\"async\" class=\"h-48 w-48 object-cover rounded-2xl\" src=\"https:\/\/staging.simzine.news\/wp-content\/themes\/simzine\/img\/about-us\/event1.png\" alt=\"SIMZINE About Us\"><\/a>\r\n\t\t\t\t\t\t\t\t<\/div>\r\n\t\t\t\t\t\t\t\t<div class=\"flex items-center justify-center\">\r\n\t\t\t\t\t\t<a href=\"https:\/\/eu.eventscloud.com\/website\/12346\/home\/\r\n\r\n\" target=\"_blank\" rel=\"noopener\">\t\t\t<img decoding=\"async\" class=\"h-48 w-48 object-cover rounded-2xl\" src=\"https:\/\/staging.simzine.news\/wp-content\/themes\/simzine\/img\/about-us\/event2.png\" alt=\"SIMZINE About Us\"><\/a>\r\n\t\t\t\t\t\t\t\t<\/div>\r\n<\/div>\r\n<\/div>\r\n<span id=\"the-team\"><\/span>\r\n<div class=\"w-full flex justify-center my-12\"><a class=\"primary-button text-2xl\" href=\"mailto:info@simzine.it\">Diventa un Partner<\/a><\/div>\r\n\r\n<hr class=\"border-[1px] m-3 mx-auto border-primary w-3\/4\" \/>\r\n\r\n<\/article><article class=\"mt-10\">\r\n<h2 class=\"mx-auto text-4xl font-semibold text-center mb-4\">Il Team<\/h2>\r\n<p class=\"font-semibold\">Direttore editoriale<\/p>\r\n<p>Pier Luigi Ingrassia<\/p>\r\n<p class=\"font-semibold\">Assistente di redazione<\/p>\r\n<p>Willem van Meurs<\/p>\r\n<p class=\"font-semibold\">Project Manager &#8211; Digital Marketing<\/p>\r\n<p>Lucia Pampana<\/p>\r\n<p class=\"font-semibold\">Grafica di<\/p>\r\n<p>Pietro Cordini &#8211; Carlo Tizzi<\/p>\r\n<p class=\"font-semibold\">Relazioni esterne<\/p>\r\n<p>Giacomo Gensini<\/p>\r\n\r\n\r\n<span id=\"editorial-independence\"><\/span>\r\n\r\n\r\n\r\n\r\n<hr class=\"border-[1px] m-3 mx-auto border-primary w-3\/4\" \/>\r\n\r\n<\/article><article class=\"mt-10\">\r\n<h2 class=\"mx-auto text-4xl font-semibold text-center mb-4\">Indipendenza e trasparenza editoriale<\/h2><span id=\"adv\"><\/span>\r\n<p>\r\n\r\nUno dei nostri principi fondamentali \u00e8 quello di essere onesti e trasparenti nel nostro lavoro e nelle nostre interazioni con le fonti e i lettori. L&#8217;accuratezza \u00e8 essenziale e dedichiamo sforzi significativi per verificare che il nostro lavoro sia accurato nei fatti, presentato in modo equo e contestualizzato. Puntiamo a una neutralit\u00e0 professionale, pur fornendo servizi dettagliati e approfonditi. \r\nAccettiamo sovvenzioni e sponsorizzazioni da privati e organizzazioni per il sostegno generale delle nostre attivit\u00e0, ma i nostri giudizi sulle notizie o le recensioni dei dispositivi sono fatti in modo indipendente e non sulla base del sostegno dei donatori.\r\n\r\n\r\n<\/p><br>\r\n\r\n<hr class=\"border-[1px] m-3 mx-auto border-primary w-3\/4\" \/>\r\n\r\n<\/article><article class=\"mt-10\">\r\n<h2 class=\"mx-auto text-4xl font-semibold text-center mb-4\">Pubblicit\u00e0<\/h2>\r\n<span class=\"text-primary font-semibold\">SIMZINE<\/span> \u00e8 la <span class=\"text-primary\">prima rivista multilingue, digitale e stampabile<\/span>, che sfrutta tutte le potenzialit\u00e0 dei media digitali per parlare di simulazione e formazione sanitaria. \u00c8 LIBERAMENTE accessibile tramite PC, smartphone e tablet ed \u00e8 LIBERAMENTE distribuita in  <span class=\"text-primary\">oltre 200 centri di simulazione<\/span> in Europa. Viene inoltre distribuita costantemente in occasione di importanti conferenze ed eventi di settore in tutto il mondo.<br>\r\nDestinare il vostro budget pubblicitario a SIMZINE \u00e8 una scelta strategica e significativa che consente di raggiungere i vostri obiettivi di marketing, sostenendo al contempo la nostra missione mondiale di creare un impatto positivo nel campo della sicurezza dei pazienti attraverso la simulazione e l&#8217;educazione alla qualit\u00e0. Le nostre soluzioni di marketing multicanale, dalla stampa all&#8217;online, mettono in contatto la vostra organizzazione direttamente con il nostro pubblico, in modo che abbiate le migliori possibilit\u00e0 di presentare i vostri prodotti o il marchio della vostra azienda. Che si tratti di una semplice pubblicit\u00e0 o di una campagna mirata e distintiva, il nostro team offre strategia e intuizione per aiutare la vostra azienda a realizzare le proprie ambizioni.\r\n\r\n<div class=\"flex justify-center\"><img decoding=\"async\" class=\"hidden sm:block\" src=\"https:\/\/staging.simzine.news\/wp-content\/themes\/simzine\/img\/about-us\/simzine-advertise.png\" alt=\"SIMZINE Advertise\" \/>\r\n<img decoding=\"async\" class=\"block sm:hidden\" src=\"https:\/\/staging.simzine.news\/wp-content\/themes\/simzine\/img\/about-us\/simzine-advertise-mobile.png\" alt=\"SIMZINE Advertise\" \/><\/div>\r\n<div class=\"w-full flex justify-center mt-10\"><a class=\"primary-button text-2xl\" href=\"https:\/\/staging.simzine.news\/media-kit_2024_imsh DEF.pdf\" target=\"_blank\" rel=\"noopener\">View Media Kit<\/a><\/div>\r\n<br><span id=\"contacts\"><\/span>\r\n<p class=\"w-full text-center\">Per qualsiasi richiesta di informazioni, contattateci all&#8217;indirizzo  <a class=\"text-primary italic\" href=\"mailto:info@simzine.it\">info@simzine.it<\/a><\/p>\r\n<br>\r\n<hr class=\"border-[1px] m-3 mx-auto border-primary w-3\/4\" \/>\r\n\r\n<\/article><article class=\"mt-10\">\r\n<h2 class=\"mx-auto text-4xl font-semibold text-center mb-4\">Contatti<\/h2>\r\n<p><span class=\"text-primary font-semibold\">SIMZINE<\/span> \u00e8 pubblicato da <span class=\"font-semibold\" style=\"color: #ff7c00;\">Simedita SRLs<\/span><br>\r\nConsiglio di Amministrazione: <span class=\"font-semibold\">Giacomo Gensini \u2013 Pier Luigi Ingrassia<\/span><br>\r\nVia Panciatichi 40\/11 \u2013 50127 Firenze<br>\r\nRegistrazione presso il Tribunale Civile di Firenze 29\/9\/2021, nr. 6151\r\n\r\n<br>\r\n\t\t\t\t\t\t<\/p><br>\r\n\t\t\t\t\t\t<p>\r\n\r\nSe desiderate pubblicare con noi, inviate il vostro manoscritto via e-mail a <span class=\"text-primary\">redazione@simzine.it<\/span><br><span id=\"contacts\"><\/span>\r\n<p>Per tutte le richieste di pubblicit\u00e0, contattare info@simzine.it <br>\r\nAvete domande\/commenti sugli articoli che appaiono online o sulla stampa? Inviate un&#8217;e-mail a info@simzine.it<br>\r\n\t\t\t\t\t\t<\/p>\r\n\r\n<\/article><\/div>\r\n","protected":false},"excerpt":{"rendered":"<p>Chi siamo DIVENTARE UN AUTORE PARTNER MEDIA IL TEAM INDIPENDENZA E TRASPARENZA EDITORIALE PUBBLICIT\u00c0 CONTATTI CHI SIAMO SIMZINE \u00e8 una rivista per professionisti del settore sanitario, dedicata a un ampio spettro di argomenti essenziali per la simulazione e la formazione in ambito sanitario. Attraverso articoli di stampa, storie online e contenuti multimediali, SIMZINE approfondisce le<a href=\"https:\/\/staging.simzine.news\/it\/about-us\/\">Continue reading <span class=\"sr-only\">&#8220;Chi siamo&#8221;<\/span><\/a><\/p>\n","protected":false},"author":1,"featured_media":0,"parent":0,"menu_order":0,"comment_status":"closed","ping_status":"closed","template":"empty-page.php","meta":{"footnotes":""},"class_list":["post-34018","page","type-page","status-publish","hentry"],"yoast_head":"<!-- This site is optimized with the Yoast SEO plugin v25.5 - https:\/\/yoast.com\/wordpress\/plugins\/seo\/ -->\n<title>Chi siamo - STAGING SIMZINE<\/title>\n<meta name=\"robots\" content=\"noindex, follow, max-snippet:-1, max-image-preview:large, max-video-preview:-1\" \/>\n<meta property=\"og:locale\" content=\"it_IT\" \/>\n<meta property=\"og:type\" content=\"article\" \/>\n<meta property=\"og:title\" content=\"Chi siamo - STAGING SIMZINE\" \/>\n<meta property=\"og:description\" content=\"Chi siamo DIVENTARE UN AUTORE PARTNER MEDIA IL TEAM INDIPENDENZA E TRASPARENZA EDITORIALE PUBBLICIT\u00c0 CONTATTI CHI SIAMO SIMZINE \u00e8 una rivista per professionisti del settore sanitario, dedicata a un ampio spettro di argomenti essenziali per la simulazione e la formazione in ambito sanitario. Attraverso articoli di stampa, storie online e contenuti multimediali, SIMZINE approfondisce leContinue reading &quot;Chi siamo&quot;\" \/>\n<meta property=\"og:url\" content=\"https:\/\/staging.simzine.news\/it\/about-us\/\" \/>\n<meta property=\"og:site_name\" content=\"STAGING SIMZINE\" \/>\n<meta property=\"article:modified_time\" content=\"2024-02-01T06:43:07+00:00\" \/>\n<meta property=\"og:image\" content=\"https:\/\/staging.simzine.news\/wp-content\/themes\/simzine\/img\/simzine-simulation-magazine-about-us.png\" \/>\n<meta name=\"twitter:card\" content=\"summary_large_image\" \/>\n<meta name=\"twitter:label1\" content=\"Tempo di lettura stimato\" \/>\n\t<meta name=\"twitter:data1\" content=\"10 minuti\" \/>\n<script type=\"application\/ld+json\" class=\"yoast-schema-graph\">{\"@context\":\"https:\/\/schema.org\",\"@graph\":[{\"@type\":\"WebPage\",\"@id\":\"https:\/\/staging.simzine.news\/it\/about-us\/\",\"url\":\"https:\/\/staging.simzine.news\/it\/about-us\/\",\"name\":\"Chi siamo - STAGING SIMZINE\",\"isPartOf\":{\"@id\":\"https:\/\/staging.simzine.news\/#website\"},\"primaryImageOfPage\":{\"@id\":\"https:\/\/staging.simzine.news\/it\/about-us\/#primaryimage\"},\"image\":{\"@id\":\"https:\/\/staging.simzine.news\/it\/about-us\/#primaryimage\"},\"thumbnailUrl\":\"https:\/\/staging.simzine.news\/wp-content\/themes\/simzine\/img\/simzine-simulation-magazine-about-us.png\",\"datePublished\":\"2024-01-12T05:08:38+00:00\",\"dateModified\":\"2024-02-01T06:43:07+00:00\",\"inLanguage\":\"it-IT\",\"potentialAction\":[{\"@type\":\"ReadAction\",\"target\":[\"https:\/\/staging.simzine.news\/it\/about-us\/\"]}]},{\"@type\":\"ImageObject\",\"inLanguage\":\"it-IT\",\"@id\":\"https:\/\/staging.simzine.news\/it\/about-us\/#primaryimage\",\"url\":\"https:\/\/staging.simzine.news\/wp-content\/themes\/simzine\/img\/simzine-simulation-magazine-about-us.png\",\"contentUrl\":\"https:\/\/staging.simzine.news\/wp-content\/themes\/simzine\/img\/simzine-simulation-magazine-about-us.png\"},{\"@type\":\"WebSite\",\"@id\":\"https:\/\/staging.simzine.news\/#website\",\"url\":\"https:\/\/staging.simzine.news\/\",\"name\":\"STAGING SIMZINE\",\"description\":\"\",\"potentialAction\":[{\"@type\":\"SearchAction\",\"target\":{\"@type\":\"EntryPoint\",\"urlTemplate\":\"https:\/\/staging.simzine.news\/?s={search_term_string}\"},\"query-input\":{\"@type\":\"PropertyValueSpecification\",\"valueRequired\":true,\"valueName\":\"search_term_string\"}}],\"inLanguage\":\"it-IT\"}]}<\/script>\n<!-- \/ Yoast SEO plugin. -->","yoast_head_json":{"title":"Chi siamo - STAGING SIMZINE","robots":{"index":"noindex","follow":"follow","max-snippet":"max-snippet:-1","max-image-preview":"max-image-preview:large","max-video-preview":"max-video-preview:-1"},"og_locale":"it_IT","og_type":"article","og_title":"Chi siamo - STAGING SIMZINE","og_description":"Chi siamo DIVENTARE UN AUTORE PARTNER MEDIA IL TEAM INDIPENDENZA E TRASPARENZA EDITORIALE PUBBLICIT\u00c0 CONTATTI CHI SIAMO SIMZINE \u00e8 una rivista per professionisti del settore sanitario, dedicata a un ampio spettro di argomenti essenziali per la simulazione e la formazione in ambito sanitario. Attraverso articoli di stampa, storie online e contenuti multimediali, SIMZINE approfondisce leContinue reading \"Chi siamo\"","og_url":"https:\/\/staging.simzine.news\/it\/about-us\/","og_site_name":"STAGING SIMZINE","article_modified_time":"2024-02-01T06:43:07+00:00","og_image":[{"url":"https:\/\/staging.simzine.news\/wp-content\/themes\/simzine\/img\/simzine-simulation-magazine-about-us.png","type":"","width":"","height":""}],"twitter_card":"summary_large_image","twitter_misc":{"Tempo di lettura stimato":"10 minuti"},"schema":{"@context":"https:\/\/schema.org","@graph":[{"@type":"WebPage","@id":"https:\/\/staging.simzine.news\/it\/about-us\/","url":"https:\/\/staging.simzine.news\/it\/about-us\/","name":"Chi siamo - STAGING SIMZINE","isPartOf":{"@id":"https:\/\/staging.simzine.news\/#website"},"primaryImageOfPage":{"@id":"https:\/\/staging.simzine.news\/it\/about-us\/#primaryimage"},"image":{"@id":"https:\/\/staging.simzine.news\/it\/about-us\/#primaryimage"},"thumbnailUrl":"https:\/\/staging.simzine.news\/wp-content\/themes\/simzine\/img\/simzine-simulation-magazine-about-us.png","datePublished":"2024-01-12T05:08:38+00:00","dateModified":"2024-02-01T06:43:07+00:00","inLanguage":"it-IT","potentialAction":[{"@type":"ReadAction","target":["https:\/\/staging.simzine.news\/it\/about-us\/"]}]},{"@type":"ImageObject","inLanguage":"it-IT","@id":"https:\/\/staging.simzine.news\/it\/about-us\/#primaryimage","url":"https:\/\/staging.simzine.news\/wp-content\/themes\/simzine\/img\/simzine-simulation-magazine-about-us.png","contentUrl":"https:\/\/staging.simzine.news\/wp-content\/themes\/simzine\/img\/simzine-simulation-magazine-about-us.png"},{"@type":"WebSite","@id":"https:\/\/staging.simzine.news\/#website","url":"https:\/\/staging.simzine.news\/","name":"STAGING SIMZINE","description":"","potentialAction":[{"@type":"SearchAction","target":{"@type":"EntryPoint","urlTemplate":"https:\/\/staging.simzine.news\/?s={search_term_string}"},"query-input":{"@type":"PropertyValueSpecification","valueRequired":true,"valueName":"search_term_string"}}],"inLanguage":"it-IT"}]}},"_links":{"self":[{"href":"https:\/\/staging.simzine.news\/it\/wp-json\/wp\/v2\/pages\/34018","targetHints":{"allow":["GET"]}}],"collection":[{"href":"https:\/\/staging.simzine.news\/it\/wp-json\/wp\/v2\/pages"}],"about":[{"href":"https:\/\/staging.simzine.news\/it\/wp-json\/wp\/v2\/types\/page"}],"author":[{"embeddable":true,"href":"https:\/\/staging.simzine.news\/it\/wp-json\/wp\/v2\/users\/1"}],"replies":[{"embeddable":true,"href":"https:\/\/staging.simzine.news\/it\/wp-json\/wp\/v2\/comments?post=34018"}],"version-history":[{"count":4,"href":"https:\/\/staging.simzine.news\/it\/wp-json\/wp\/v2\/pages\/34018\/revisions"}],"predecessor-version":[{"id":34885,"href":"https:\/\/staging.simzine.news\/it\/wp-json\/wp\/v2\/pages\/34018\/revisions\/34885"}],"wp:attachment":[{"href":"https:\/\/staging.simzine.news\/it\/wp-json\/wp\/v2\/media?parent=34018"}],"curies":[{"name":"wp","href":"https:\/\/api.w.org\/{rel}","templated":true}]}}