{"id":35159,"date":"2024-11-01T18:28:25","date_gmt":"2024-11-01T17:28:25","guid":{"rendered":"https:\/\/staging.simzine.news\/zinerva-archive\/"},"modified":"2025-02-14T17:55:25","modified_gmt":"2025-02-14T16:55:25","slug":"simventory","status":"publish","type":"page","link":"https:\/\/staging.simzine.news\/es\/simventory\/","title":{"rendered":"SIMventory"},"content":{"rendered":"\n<h1 class=\"mx-auto text-3xl font-bold text-left mb-4 mt-8 lg:mt-10\">\u00a1 Bienvenidos al SIMventory !<\/h1>\n      <p>\nSIMventory es un recurso dise\u00f1ado para ofrecer una <strong>visi\u00f3n clara y completa de los dispositivos de simulaci\u00f3n<\/strong> utilizados en la educaci\u00f3n sanitaria y la reducci\u00f3n de riesgos cl\u00ednicos. Esta colecci\u00f3n ofrece fichas detalladas con informaci\u00f3n t\u00e9cnica, par\u00e1metros clave y rese\u00f1as basadas en la experiencia de quienes los utilizan. <br>SIMventory sirve de gu\u00eda intuitiva para <strong>estudiantes, educadores e instituciones, <\/strong> ayud\u00e1ndoles a navegar por el cada vez m\u00e1s amplio mercado de herramientas y software de simulaci\u00f3n para encontrar el que mejor se adapte a sus necesidades de formaci\u00f3n. Presenta una <strong>amplia gama de simuladores<\/strong> desde task trainers para el desarrollo de habilidades pr\u00e1cticas hasta software de realidad virtual, desde simuladores basados en pantallas para habilidades quir\u00fargicas hasta dispositivos wearables para pacientes simulados.\n    \n      <\/p><br>\n      <p>\n       La informaci\u00f3n est\u00e1 organizada en tres categor\u00edas clave:\n      <\/p><br>\n      <p>\n        <ul class=\"ml-8\" style=\"list-style-type: disc;\">\n  <li style=\"margin-bottom: 1rem;\"><strong>Educativa:<\/strong> P\u00fablico objetivo, habilidades abordadas, tipo de formaci\u00f3n, disciplinas de referencia, entorno educativo m\u00e1s apropiado, SIMZONE de relevancia.<\/li>\n  <li style=\"margin-bottom: 1rem;\"><strong>Operativa:<\/strong> Nivel de fidelidad, facilidad de uso, tipo de informaci\u00f3n proporcionada, necesidad de piezas de repuesto, requisitos de configuraci\u00f3n y tama\u00f1os de almacenamiento.<\/li>\n  <li style=\"margin-bottom: 1rem;\"><strong>Costes:<\/strong> Precios de los dispositivos y consumibles para una toma de decisiones informada.<\/li>\n<\/ul>\n<p>\n       Al consolidar estos detalles en un solo lugar, SIMventory pretende agilizar el proceso de selecci\u00f3n y apoyar una mejor planificaci\u00f3n para una educaci\u00f3n eficaz basada en la simulaci\u00f3n.\n      <\/p><br>\n","protected":false},"excerpt":{"rendered":"<p>\u00a1 Bienvenidos al SIMventory ! SIMventory es un recurso dise\u00f1ado para ofrecer una visi\u00f3n clara y completa de los dispositivos de simulaci\u00f3n utilizados en la educaci\u00f3n sanitaria y la reducci\u00f3n de riesgos cl\u00ednicos. Esta colecci\u00f3n ofrece fichas detalladas con informaci\u00f3n t\u00e9cnica, par\u00e1metros clave y rese\u00f1as basadas en la experiencia de quienes los utilizan. SIMventory sirve<a href=\"https:\/\/staging.simzine.news\/es\/simventory\/\">Continue reading <span class=\"sr-only\">\u00abSIMventory\u00bb<\/span><\/a><\/p>\n","protected":false},"author":1,"featured_media":35190,"parent":0,"menu_order":0,"comment_status":"closed","ping_status":"closed","template":"archive-zinerva-page.php","meta":{"footnotes":""},"class_list":["post-35159","page","type-page","status-publish","has-post-thumbnail","hentry"],"yoast_head":"<!-- This site is optimized with the Yoast SEO plugin v25.5 - https:\/\/yoast.com\/wordpress\/plugins\/seo\/ -->\n<title>SIMventory - STAGING SIMZINE<\/title>\n<meta name=\"robots\" content=\"noindex, follow, max-snippet:-1, max-image-preview:large, max-video-preview:-1\" \/>\n<meta property=\"og:locale\" content=\"es_ES\" \/>\n<meta property=\"og:type\" content=\"article\" \/>\n<meta property=\"og:title\" content=\"SIMventory - STAGING SIMZINE\" \/>\n<meta property=\"og:description\" content=\"\u00a1 Bienvenidos al SIMventory ! SIMventory es un recurso dise\u00f1ado para ofrecer una visi\u00f3n clara y completa de los dispositivos de simulaci\u00f3n utilizados en la educaci\u00f3n sanitaria y la reducci\u00f3n de riesgos cl\u00ednicos. Esta colecci\u00f3n ofrece fichas detalladas con informaci\u00f3n t\u00e9cnica, par\u00e1metros clave y rese\u00f1as basadas en la experiencia de quienes los utilizan. SIMventory sirveContinue reading &quot;SIMventory&quot;\" \/>\n<meta property=\"og:url\" content=\"https:\/\/staging.simzine.news\/es\/simventory\/\" \/>\n<meta property=\"og:site_name\" content=\"STAGING SIMZINE\" \/>\n<meta property=\"article:modified_time\" content=\"2025-02-14T16:55:25+00:00\" \/>\n<meta property=\"og:image\" content=\"https:\/\/staging.simzine.news\/wp-content\/uploads\/2024\/11\/Simzine_800x460_Simventory.png\" \/>\n\t<meta property=\"og:image:width\" content=\"800\" \/>\n\t<meta property=\"og:image:height\" content=\"460\" \/>\n\t<meta property=\"og:image:type\" content=\"image\/png\" \/>\n<meta name=\"twitter:card\" content=\"summary_large_image\" \/>\n<meta name=\"twitter:label1\" content=\"Tiempo de lectura\" \/>\n\t<meta name=\"twitter:data1\" content=\"2 minutos\" \/>\n<script type=\"application\/ld+json\" class=\"yoast-schema-graph\">{\"@context\":\"https:\/\/schema.org\",\"@graph\":[{\"@type\":\"WebPage\",\"@id\":\"https:\/\/staging.simzine.news\/es\/simventory\/\",\"url\":\"https:\/\/staging.simzine.news\/es\/simventory\/\",\"name\":\"SIMventory - STAGING SIMZINE\",\"isPartOf\":{\"@id\":\"https:\/\/staging.simzine.news\/#website\"},\"primaryImageOfPage\":{\"@id\":\"https:\/\/staging.simzine.news\/es\/simventory\/#primaryimage\"},\"image\":{\"@id\":\"https:\/\/staging.simzine.news\/es\/simventory\/#primaryimage\"},\"thumbnailUrl\":\"https:\/\/staging.simzine.news\/wp-content\/uploads\/2024\/11\/Simzine_800x460_Simventory.png\",\"datePublished\":\"2024-11-01T17:28:25+00:00\",\"dateModified\":\"2025-02-14T16:55:25+00:00\",\"inLanguage\":\"es\",\"potentialAction\":[{\"@type\":\"ReadAction\",\"target\":[\"https:\/\/staging.simzine.news\/es\/simventory\/\"]}]},{\"@type\":\"ImageObject\",\"inLanguage\":\"es\",\"@id\":\"https:\/\/staging.simzine.news\/es\/simventory\/#primaryimage\",\"url\":\"https:\/\/staging.simzine.news\/wp-content\/uploads\/2024\/11\/Simzine_800x460_Simventory.png\",\"contentUrl\":\"https:\/\/staging.simzine.news\/wp-content\/uploads\/2024\/11\/Simzine_800x460_Simventory.png\",\"width\":800,\"height\":460},{\"@type\":\"WebSite\",\"@id\":\"https:\/\/staging.simzine.news\/#website\",\"url\":\"https:\/\/staging.simzine.news\/\",\"name\":\"STAGING SIMZINE\",\"description\":\"\",\"potentialAction\":[{\"@type\":\"SearchAction\",\"target\":{\"@type\":\"EntryPoint\",\"urlTemplate\":\"https:\/\/staging.simzine.news\/?s={search_term_string}\"},\"query-input\":{\"@type\":\"PropertyValueSpecification\",\"valueRequired\":true,\"valueName\":\"search_term_string\"}}],\"inLanguage\":\"es\"}]}<\/script>\n<!-- \/ Yoast SEO plugin. -->","yoast_head_json":{"title":"SIMventory - STAGING SIMZINE","robots":{"index":"noindex","follow":"follow","max-snippet":"max-snippet:-1","max-image-preview":"max-image-preview:large","max-video-preview":"max-video-preview:-1"},"og_locale":"es_ES","og_type":"article","og_title":"SIMventory - STAGING SIMZINE","og_description":"\u00a1 Bienvenidos al SIMventory ! SIMventory es un recurso dise\u00f1ado para ofrecer una visi\u00f3n clara y completa de los dispositivos de simulaci\u00f3n utilizados en la educaci\u00f3n sanitaria y la reducci\u00f3n de riesgos cl\u00ednicos. Esta colecci\u00f3n ofrece fichas detalladas con informaci\u00f3n t\u00e9cnica, par\u00e1metros clave y rese\u00f1as basadas en la experiencia de quienes los utilizan. SIMventory sirveContinue reading \"SIMventory\"","og_url":"https:\/\/staging.simzine.news\/es\/simventory\/","og_site_name":"STAGING SIMZINE","article_modified_time":"2025-02-14T16:55:25+00:00","og_image":[{"width":800,"height":460,"url":"https:\/\/staging.simzine.news\/wp-content\/uploads\/2024\/11\/Simzine_800x460_Simventory.png","type":"image\/png"}],"twitter_card":"summary_large_image","twitter_misc":{"Tiempo de lectura":"2 minutos"},"schema":{"@context":"https:\/\/schema.org","@graph":[{"@type":"WebPage","@id":"https:\/\/staging.simzine.news\/es\/simventory\/","url":"https:\/\/staging.simzine.news\/es\/simventory\/","name":"SIMventory - STAGING SIMZINE","isPartOf":{"@id":"https:\/\/staging.simzine.news\/#website"},"primaryImageOfPage":{"@id":"https:\/\/staging.simzine.news\/es\/simventory\/#primaryimage"},"image":{"@id":"https:\/\/staging.simzine.news\/es\/simventory\/#primaryimage"},"thumbnailUrl":"https:\/\/staging.simzine.news\/wp-content\/uploads\/2024\/11\/Simzine_800x460_Simventory.png","datePublished":"2024-11-01T17:28:25+00:00","dateModified":"2025-02-14T16:55:25+00:00","inLanguage":"es","potentialAction":[{"@type":"ReadAction","target":["https:\/\/staging.simzine.news\/es\/simventory\/"]}]},{"@type":"ImageObject","inLanguage":"es","@id":"https:\/\/staging.simzine.news\/es\/simventory\/#primaryimage","url":"https:\/\/staging.simzine.news\/wp-content\/uploads\/2024\/11\/Simzine_800x460_Simventory.png","contentUrl":"https:\/\/staging.simzine.news\/wp-content\/uploads\/2024\/11\/Simzine_800x460_Simventory.png","width":800,"height":460},{"@type":"WebSite","@id":"https:\/\/staging.simzine.news\/#website","url":"https:\/\/staging.simzine.news\/","name":"STAGING SIMZINE","description":"","potentialAction":[{"@type":"SearchAction","target":{"@type":"EntryPoint","urlTemplate":"https:\/\/staging.simzine.news\/?s={search_term_string}"},"query-input":{"@type":"PropertyValueSpecification","valueRequired":true,"valueName":"search_term_string"}}],"inLanguage":"es"}]}},"_links":{"self":[{"href":"https:\/\/staging.simzine.news\/es\/wp-json\/wp\/v2\/pages\/35159","targetHints":{"allow":["GET"]}}],"collection":[{"href":"https:\/\/staging.simzine.news\/es\/wp-json\/wp\/v2\/pages"}],"about":[{"href":"https:\/\/staging.simzine.news\/es\/wp-json\/wp\/v2\/types\/page"}],"author":[{"embeddable":true,"href":"https:\/\/staging.simzine.news\/es\/wp-json\/wp\/v2\/users\/1"}],"replies":[{"embeddable":true,"href":"https:\/\/staging.simzine.news\/es\/wp-json\/wp\/v2\/comments?post=35159"}],"version-history":[{"count":4,"href":"https:\/\/staging.simzine.news\/es\/wp-json\/wp\/v2\/pages\/35159\/revisions"}],"predecessor-version":[{"id":35225,"href":"https:\/\/staging.simzine.news\/es\/wp-json\/wp\/v2\/pages\/35159\/revisions\/35225"}],"wp:featuredmedia":[{"embeddable":true,"href":"https:\/\/staging.simzine.news\/es\/wp-json\/wp\/v2\/media\/35190"}],"wp:attachment":[{"href":"https:\/\/staging.simzine.news\/es\/wp-json\/wp\/v2\/media?parent=35159"}],"curies":[{"name":"wp","href":"https:\/\/api.w.org\/{rel}","templated":true}]}}