{"id":34172,"date":"2024-01-12T06:55:50","date_gmt":"2024-01-12T05:55:50","guid":{"rendered":"https:\/\/staging.simzine.news\/privacy-policy\/"},"modified":"2024-01-19T10:40:29","modified_gmt":"2024-01-19T09:40:29","slug":"privacy-policy","status":"publish","type":"page","link":"https:\/\/staging.simzine.news\/es\/privacy-policy\/","title":{"rendered":"Privacy Policy"},"content":{"rendered":"\r\n<p><strong>Informaci\u00f3n de contacto <\/strong><\/p><br>\r\n\r\n\r\n\r\n<p><strong>Qui\u00e9nes somos y qu\u00e9 hacemos con sus datos personales <\/strong><\/p><br>\r\n\r\n\r\n\r\n<p>SIMEDITA srls., con domicilio social en (50127) Florencia (FI), via Panciatichi 40\/11, (en lo sucesivo tambi\u00e9n denominado el \u00abresponsable del tratamiento\u00bb), en su calidad de responsable del tratamiento, se preocupa por la confidencialidad de sus datos personales y por garantizarles la protecci\u00f3n necesaria frente a cualquier acontecimiento que pueda suponer un riesgo de violaci\u00f3n de los mismos. <\/p><br>\r\n\r\n\r\n\r\n<p>A tal fin, el responsable del tratamiento aplica pol\u00edticas y pr\u00e1cticas relativas a la recogida y uso de sus datos personales y al ejercicio de sus derechos con arreglo a la legislaci\u00f3n aplicable. El responsable del tratamiento se preocupa de actualizar las pol\u00edticas y pr\u00e1cticas adoptadas para la protecci\u00f3n de los datos personales siempre que sea necesario y, en cualquier caso, en caso de cambios normativos y organizativos que puedan afectar al tratamiento de sus datos personales. <\/p><br>\r\n\r\n\r\n\r\n<p>El responsable del tratamiento ha designado a un responsable de la protecci\u00f3n de datos (RPD o DPO, por sus siglas en ingl\u00e9s) con el que puede ponerse en contacto si tiene preguntas sobre las pol\u00edticas y pr\u00e1cticas adoptadas. <\/p><br>\r\n\r\n\r\n\r\n<p>Puede ponerse en contacto con el RPD en las direcciones y datos de contacto que figuran a continuaci\u00f3n: <\/p><br>\r\n\r\n\r\n\r\n<p>dpo@simzine.it <\/p><br>\r\n\r\n\r\n\r\n<p><strong>\u00bfC\u00f3mo y por qu\u00e9 el Responsable del Tratamiento recopila y trata sus datos? <\/strong><\/p><br>\r\n\r\n\r\n\r\n<p>El Responsable del tratamiento recopila y\/o recibe informaci\u00f3n sobre usted, como por ejemplo <\/p><br>\r\n\r\n\r\n\r\n<p>nombre, <\/p><br>\r\n\r\n\r\n\r\n<p>apellidos <\/p><br>\r\n\r\n\r\n\r\n<p>correo electr\u00f3nico <\/p><br>\r\n\r\n\r\n\r\n<p>asunto de su solicitud <\/p><br>\r\n\r\n\r\n\r\n<p>Sus datos personales se tratar\u00e1n para <\/p><br>\r\n\r\n\r\n\r\n<p>su solicitud de Informaci\u00f3n relacionada con uno de los productos\/servicios ofrecidos por el Responsable del tratamiento <\/p><br>\r\n\r\n\r\n\r\n<p>Sus datos personales se tratar\u00e1n para gestionar su solicitud de contacto e informaci\u00f3n relacionada con los productos\/servicios realizados y ofrecidos por el Responsable y para llevar a cabo actividades previas al establecimiento de la relaci\u00f3n contractual, as\u00ed como para el cumplimiento de cualquier otra obligaci\u00f3n derivada de dicha actividad, como el registro y almacenamiento de sus datos personales. <\/p><br>\r\n\r\n\r\n\r\n<p>para actividades de marketing relacionadas con los servicios del Responsable del tratamiento <\/p><br>\r\n\r\n\r\n\r\n<p>El tratamiento de sus datos personales se lleva a cabo para ofrecerle servicios adicionales a los del servicio al que se ha suscrito, o incluso mejorados o m\u00e1s adaptados a sus necesidades, y para enviarle material publicitario. Sus datos podr\u00e1n ser tratados por <\/p><br>\r\n\r\n\r\n\r\n<p>correo electr\u00f3nico. <\/p><br>\r\n\r\n\r\n\r\n<p>El tratamiento en cuesti\u00f3n podr\u00e1 tener lugar <\/p><br>\r\n\r\n\r\n\r\n<p>si usted da su consentimiento para el uso de sus datos tambi\u00e9n con referencia a los m\u00e9todos de comunicaci\u00f3n, tanto tradicionales como automatizados, mediante los cuales se lleva a cabo el tratamiento; <\/p><br>\r\n\r\n\r\n\r\n<p>si, en caso de que el tratamiento se lleve a cabo mediante contacto con un operador telef\u00f3nico, usted no est\u00e1 inscrito en el registro de oposici\u00f3n a que se refiere el Decreto Presidencial n\u00ba 178\/2010 <\/p><br>\r\n\r\n\r\n\r\n<p>si no se ha opuesto al tratamiento y\/o si, en el caso, no se ha opuesto espec\u00edficamente y por separado al env\u00edo de comunicaciones por medios tradicionales y\/o por medios automatizados. <\/p><br>\r\n\r\n\r\n\r\n<p>para la comunicaci\u00f3n a terceros y destinatarios <\/p><br>\r\n\r\n\r\n\r\n<p>Finalidades <\/p><br>\r\n\r\n\r\n\r\n<p>Base jur\u00eddica <\/p><br>\r\n\r\n\r\n\r\n<p>Comunicaci\u00f3n a terceros tales como: <\/p><br>\r\n\r\n\r\n\r\n<p>&#8211; Empresas de soporte inform\u00e1tico <\/p><br>\r\n\r\n\r\n\r\n<p>actividades precontractuales El Responsable del Tratamiento transfiere sus datos personales a los siguientes pa\u00edses no pertenecientes a la UE, con total seguridad de las garant\u00edas previstas por la legislaci\u00f3n europea:<\/p><br>\r\n\r\n\r\n\r\n<p>EE.UU.: existencia de cl\u00e1usula contractual tipo de 5 de febrero de 2010 n\u00ba 2010\/87. <\/p><br>\r\n\r\n\r\n\r\n<p>La comunicaci\u00f3n y difusi\u00f3n se refieren a las categor\u00edas de datos cuya transmisi\u00f3n y\/o divulgaci\u00f3n son necesarias para el desempe\u00f1o de las actividades y finalidades perseguidas por el Responsable en la gesti\u00f3n de la relaci\u00f3n establecida. El tratamiento en cuesti\u00f3n no requiere el consentimiento del interesado en caso de que el tratamiento se lleve a cabo en cumplimiento de obligaciones legales o para cumplir con las obligaciones derivadas de la relaci\u00f3n contractual o en caso de cualquier otra hip\u00f3tesis de exclusi\u00f3n (en particular el inter\u00e9s leg\u00edtimo del Responsable), expresamente prevista o dependiente de las normas y reglamentos aplicados por el Responsable, o incluso a trav\u00e9s de terceros identificados como encargados del tratamiento; <\/p><br>\r\n\r\n\r\n\r\n<p>con fines de seguridad inform\u00e1tica <\/p><br>\r\n\r\n\r\n\r\n<p>El Responsable del tratamiento trata, tambi\u00e9n por medio de sus proveedores (terceros y\/o destinatarios), sus datos personales en la medida estrictamente necesaria y proporcionada para garantizar la seguridad y la capacidad de una red o de los servidores conectados a ella para resistir, con un determinado nivel de seguridad, acontecimientos imprevistos o actos il\u00edcitos o malintencionados que comprometan la disponibilidad, autenticidad, integridad y confidencialidad de los datos personales almacenados o transmitidos. <\/p><br>\r\n\r\n\r\n\r\n<p>A estos efectos, el responsable del tratamiento establece procedimientos para hacer frente a las violaciones de los datos. <\/p><br>\r\n\r\n\r\n\r\n<p><strong>\u00bfQu\u00e9 ocurre si no facilita los datos?<\/strong> <\/p><br>\r\n\r\n\r\n\r\n<p>Si no facilita sus datos personales, el responsable del tratamiento no podr\u00e1 llevar a cabo el tratamiento vinculado a la gesti\u00f3n de las negociaciones precontractuales ni los cumplimientos que dependan de \u00e9l. <\/p><br>\r\n\r\n\r\n\r\n<p>El Responsable del tratamiento tiene la intenci\u00f3n de llevar a cabo determinadas operaciones de tratamiento en virtud de ciertos intereses leg\u00edtimos que no afectan a su derecho a la confidencialidad, como las que <\/p><br>\r\n\r\n\r\n\r\n<p>permiten la prevenci\u00f3n de incidentes inform\u00e1ticos y la notificaci\u00f3n a la autoridad de control o la comunicaci\u00f3n a los usuarios, en su caso, de la violaci\u00f3n de los datos personales; <\/p><br>\r\n\r\n\r\n\r\n<p>permitir la comunicaci\u00f3n a terceros\/receptores para actividades relacionadas con las de gesti\u00f3n de contratos. <\/p><br>\r\n\r\n\r\n\r\n<p><strong>\u00bfQu\u00e9 ocurre si no da su consentimiento al tratamiento de sus datos personales con fines de marketing (marketing directo, estudios de mercado y encuestas) propiedad del Responsable del tratamiento? <\/strong><\/p><br>\r\n\r\n\r\n\r\n<p>Sus datos personales no se tratar\u00e1n para dichos fines; ello no afectar\u00e1 al tratamiento de sus datos para los fines principales, ni para los fines para los que ya haya dado su consentimiento, en caso necesario. <\/p><br>\r\n\r\n\r\n\r\n<p><strong>\u00bfC\u00f3mo y durante cu\u00e1nto tiempo se almacenan sus datos?<\/strong> <\/p><br>\r\n\r\n\r\n\r\n<p>C\u00f3mo <\/p><br>\r\n\r\n\r\n\r\n<p>El tratamiento de los datos se realiza mediante soportes de papel o procedimientos inform\u00e1ticos por personas internas especialmente autorizadas y formadas. Se les concede acceso a sus datos personales en la medida y dentro de los l\u00edmites necesarios para llevar a cabo las actividades de tratamiento que le conciernen. Los datos pertenecientes a categor\u00edas especiales se tratan por separado de los dem\u00e1s tambi\u00e9n mediante m\u00e9todos de seudonimizaci\u00f3n o agregaci\u00f3n que no facilitan su identificaci\u00f3n. <\/p><br>\r\n\r\n\r\n\r\n<p>El Responsable del tratamiento comprueba peri\u00f3dicamente los instrumentos con los que se tratan sus datos y las medidas de seguridad previstas para los mismos, que exige que se actualicen constantemente; verifica, tambi\u00e9n a trav\u00e9s de las personas autorizadas a tratarlos, que no se recojan, traten, archiven o almacenen datos personales cuyo tratamiento no sea necesario; comprueba que los datos se almacenen con garant\u00eda de integridad y autenticidad y que se utilicen para los fines del tratamiento efectivamente efectuado. <\/p><br>\r\n\r\n\r\n\r\n<p>Duraci\u00f3n <\/p><br>\r\n\r\n\r\n\r\n<p>Los datos personales tratados por el Responsable del tratamiento se conservan durante el tiempo necesario para llevar a cabo las actividades relacionadas con la gesti\u00f3n de la negociaci\u00f3n precontractual con el Responsable del tratamiento y hasta 2 a\u00f1os con excepci\u00f3n del establecimiento de la relaci\u00f3n contractual. <\/p><br>\r\n\r\n\r\n\r\n<p>Los datos personales tratados por el Responsable del tratamiento con fines de marketing (marketing directo, estudios de mercado y encuestas) ser\u00e1n conservados durante 24 meses por el Responsable del tratamiento a menos que usted revoque el consentimiento que ha dado y\/o a menos que se oponga al tratamiento. <\/p><br>\r\n\r\n\r\n\r\n<p>Esto se entiende sin perjuicio de su derecho a oponerse en cualquier momento al tratamiento basado en el inter\u00e9s leg\u00edtimo por motivos relacionados con su situaci\u00f3n particular. <\/p><br>\r\n\r\n\r\n\r\n<p><strong>\u00bfCu\u00e1les son sus derechos?<\/strong> <\/p><br>\r\n\r\n\r\n\r\n<p>B\u00e1sicamente, usted puede, en cualquier momento y de forma gratuita y sin ninguna carga o formalidad particular, solicitar <\/p><br>\r\n\r\n\r\n\r\n<p>obtener confirmaci\u00f3n del tratamiento efectuado por el Responsable; <\/p><br>\r\n\r\n\r\n\r\n<p>acceder a sus datos personales y conocer su origen (cuando los datos no se hayan obtenido directamente de usted), los fines y objetivos del tratamiento, los datos de las personas a las que se comunican, el periodo de conservaci\u00f3n de sus datos o los criterios utilizados para determinarlo <\/p><br>\r\n\r\n\r\n\r\n<p>revocar su consentimiento en cualquier momento, si \u00e9ste constituye la base del tratamiento. No obstante, la retirada del consentimiento no afectar\u00e1 a la licitud del tratamiento basado en el consentimiento dado antes de la retirada; <\/p><br>\r\n\r\n\r\n\r\n<p>actualizar o rectificar sus datos personales para que sigan siendo exactos y precisos <\/p><br>\r\n\r\n\r\n\r\n<p>eliminar sus datos personales de las bases de datos y\/o archivos, incluidos los archivos de copia de seguridad, del responsable del tratamiento en caso, entre otros, de que ya no sean necesarios para los fines del tratamiento o en caso de que el tratamiento se presuma il\u00edcito, y siempre que se cumplan las condiciones exigidas por la ley; y en cualquier caso en caso de que el tratamiento no est\u00e9 justificado por otro motivo igualmente leg\u00edtimo <\/p><br>\r\n\r\n\r\n\r\n<p>limitar el tratamiento de sus datos personales en determinadas circunstancias, por ejemplo cuando usted haya impugnado su exactitud, durante el periodo necesario para que el responsable del tratamiento verifique su exactitud. Asimismo, deber\u00e1 ser informado, en un plazo razonable, de la finalizaci\u00f3n del periodo de suspensi\u00f3n o del cese de la causa de la limitaci\u00f3n del tratamiento y, a continuaci\u00f3n, del levantamiento de la limitaci\u00f3n; <\/p><br>\r\n\r\n\r\n\r\n<p>obtener sus datos personales, si el Responsable del tratamiento los recibe y\/o trata con su consentimiento y\/o si se tratan sobre la base de un contrato y por medios automatizados, en formato electr\u00f3nico tambi\u00e9n con el fin de transmitirlos a otro responsable del tratamiento. <\/p><br>\r\n\r\n\r\n\r\n<p>El responsable del tratamiento deber\u00e1 hacerlo sin demora y, en cualquier caso, en el plazo m\u00e1ximo de un mes a partir de la recepci\u00f3n de su solicitud. El plazo podr\u00e1 prorrogarse dos meses en caso necesario, teniendo en cuenta la complejidad y el n\u00famero de solicitudes recibidas por el responsable del tratamiento. En tal caso, el Responsable del Tratamiento le informar\u00e1 en el plazo de un mes a partir de la recepci\u00f3n de su solicitud y le comunicar\u00e1 los motivos de la pr\u00f3rroga. <\/p><br>\r\n\r\n\r\n\r\n<p>Para m\u00e1s informaci\u00f3n y, en cualquier caso, para enviar su solicitud, debe ponerse en contacto con el Responsable del Tratamiento en la direcci\u00f3n info@nume.plus. <\/p><br>\r\n\r\n\r\n\r\n<p><strong>\u00bfC\u00f3mo y cu\u00e1ndo puede oponerse al tratamiento de sus datos personales? <\/strong><\/p><br>\r\n\r\n\r\n\r\n<p>Por motivos relacionados con su situaci\u00f3n particular, puede oponerse en cualquier momento al tratamiento de sus datos personales si est\u00e1 basado en un inter\u00e9s leg\u00edtimo o si se trata del tratamiento de datos personales cuya prestaci\u00f3n est\u00e1 sujeta a su consentimiento, enviando su solicitud al Responsable del tratamiento a info@nume.plus. <\/p><br>\r\n\r\n\r\n\r\n<p>Tendr\u00e1 derecho a la supresi\u00f3n de sus datos personales si no existe ning\u00fan motivo leg\u00edtimo que prevalezca sobre el que dio lugar a su solicitud y, en cualquier caso, si se opone al tratamiento. <\/p><br>\r\n\r\n\r\n\r\n<p><strong>\u00bfAnte qui\u00e9n puede presentarse una reclamaci\u00f3n?<\/strong> <\/p><br>\r\n\r\n\r\n\r\n<p>Sin perjuicio de cualquier otra acci\u00f3n administrativa o judicial, podr\u00e1 presentar una reclamaci\u00f3n ante la autoridad de control competente o ante la autoridad que ejerza sus funciones y competencias en Italia, donde usted tenga su residencia habitual o trabaje o, si es diferente, en el Estado miembro donde se haya producido la infracci\u00f3n del Reglamento (UE) 2016\/679. <\/p><br>\r\n\r\n\r\n\r\n<p>Cualquier actualizaci\u00f3n del presente aviso se le comunicar\u00e1 sin demora y por los medios adecuados, y tambi\u00e9n se le notificar\u00e1 si el Responsable trata sus datos para fines distintos de los establecidos en el presente aviso antes de hacerlo y con tiempo suficiente para que d\u00e9 su consentimiento si es necesario.<\/p>\r\n","protected":false},"excerpt":{"rendered":"<p>Informaci\u00f3n de contacto Qui\u00e9nes somos y qu\u00e9 hacemos con sus datos personales SIMEDITA srls., con domicilio social en (50127) Florencia (FI), via Panciatichi 40\/11, (en lo sucesivo tambi\u00e9n denominado el \u00abresponsable del tratamiento\u00bb), en su calidad de responsable del tratamiento, se preocupa por la confidencialidad de sus datos personales y por garantizarles la protecci\u00f3n necesaria<a href=\"https:\/\/staging.simzine.news\/es\/privacy-policy\/\">Continue reading <span class=\"sr-only\">\u00abPrivacy Policy\u00bb<\/span><\/a><\/p>\n","protected":false},"author":1,"featured_media":0,"parent":0,"menu_order":0,"comment_status":"closed","ping_status":"closed","template":"","meta":{"footnotes":""},"class_list":["post-34172","page","type-page","status-publish","hentry"],"yoast_head":"<!-- This site is optimized with the Yoast SEO plugin v25.5 - https:\/\/yoast.com\/wordpress\/plugins\/seo\/ -->\n<title>Privacy Policy - STAGING SIMZINE<\/title>\n<meta name=\"robots\" content=\"noindex, follow, max-snippet:-1, max-image-preview:large, max-video-preview:-1\" \/>\n<meta property=\"og:locale\" content=\"es_ES\" \/>\n<meta property=\"og:type\" content=\"article\" \/>\n<meta property=\"og:title\" content=\"Privacy Policy - STAGING SIMZINE\" \/>\n<meta property=\"og:description\" content=\"Informaci\u00f3n de contacto Qui\u00e9nes somos y qu\u00e9 hacemos con sus datos personales SIMEDITA srls., con domicilio social en (50127) Florencia (FI), via Panciatichi 40\/11, (en lo sucesivo tambi\u00e9n denominado el \u00abresponsable del tratamiento\u00bb), en su calidad de responsable del tratamiento, se preocupa por la confidencialidad de sus datos personales y por garantizarles la protecci\u00f3n necesariaContinue reading &quot;Privacy Policy&quot;\" \/>\n<meta property=\"og:url\" content=\"https:\/\/staging.simzine.news\/es\/privacy-policy\/\" \/>\n<meta property=\"og:site_name\" content=\"STAGING SIMZINE\" \/>\n<meta property=\"article:modified_time\" content=\"2024-01-19T09:40:29+00:00\" \/>\n<meta name=\"twitter:card\" content=\"summary_large_image\" \/>\n<meta name=\"twitter:label1\" content=\"Tiempo de lectura\" \/>\n\t<meta name=\"twitter:data1\" content=\"9 minutos\" \/>\n<script type=\"application\/ld+json\" class=\"yoast-schema-graph\">{\"@context\":\"https:\/\/schema.org\",\"@graph\":[{\"@type\":\"WebPage\",\"@id\":\"https:\/\/staging.simzine.news\/es\/privacy-policy\/\",\"url\":\"https:\/\/staging.simzine.news\/es\/privacy-policy\/\",\"name\":\"Privacy Policy - STAGING SIMZINE\",\"isPartOf\":{\"@id\":\"https:\/\/staging.simzine.news\/#website\"},\"datePublished\":\"2024-01-12T05:55:50+00:00\",\"dateModified\":\"2024-01-19T09:40:29+00:00\",\"inLanguage\":\"es\",\"potentialAction\":[{\"@type\":\"ReadAction\",\"target\":[\"https:\/\/staging.simzine.news\/es\/privacy-policy\/\"]}]},{\"@type\":\"WebSite\",\"@id\":\"https:\/\/staging.simzine.news\/#website\",\"url\":\"https:\/\/staging.simzine.news\/\",\"name\":\"STAGING SIMZINE\",\"description\":\"\",\"potentialAction\":[{\"@type\":\"SearchAction\",\"target\":{\"@type\":\"EntryPoint\",\"urlTemplate\":\"https:\/\/staging.simzine.news\/?s={search_term_string}\"},\"query-input\":{\"@type\":\"PropertyValueSpecification\",\"valueRequired\":true,\"valueName\":\"search_term_string\"}}],\"inLanguage\":\"es\"}]}<\/script>\n<!-- \/ Yoast SEO plugin. -->","yoast_head_json":{"title":"Privacy Policy - STAGING SIMZINE","robots":{"index":"noindex","follow":"follow","max-snippet":"max-snippet:-1","max-image-preview":"max-image-preview:large","max-video-preview":"max-video-preview:-1"},"og_locale":"es_ES","og_type":"article","og_title":"Privacy Policy - STAGING SIMZINE","og_description":"Informaci\u00f3n de contacto Qui\u00e9nes somos y qu\u00e9 hacemos con sus datos personales SIMEDITA srls., con domicilio social en (50127) Florencia (FI), via Panciatichi 40\/11, (en lo sucesivo tambi\u00e9n denominado el \u00abresponsable del tratamiento\u00bb), en su calidad de responsable del tratamiento, se preocupa por la confidencialidad de sus datos personales y por garantizarles la protecci\u00f3n necesariaContinue reading \"Privacy Policy\"","og_url":"https:\/\/staging.simzine.news\/es\/privacy-policy\/","og_site_name":"STAGING SIMZINE","article_modified_time":"2024-01-19T09:40:29+00:00","twitter_card":"summary_large_image","twitter_misc":{"Tiempo de lectura":"9 minutos"},"schema":{"@context":"https:\/\/schema.org","@graph":[{"@type":"WebPage","@id":"https:\/\/staging.simzine.news\/es\/privacy-policy\/","url":"https:\/\/staging.simzine.news\/es\/privacy-policy\/","name":"Privacy Policy - STAGING SIMZINE","isPartOf":{"@id":"https:\/\/staging.simzine.news\/#website"},"datePublished":"2024-01-12T05:55:50+00:00","dateModified":"2024-01-19T09:40:29+00:00","inLanguage":"es","potentialAction":[{"@type":"ReadAction","target":["https:\/\/staging.simzine.news\/es\/privacy-policy\/"]}]},{"@type":"WebSite","@id":"https:\/\/staging.simzine.news\/#website","url":"https:\/\/staging.simzine.news\/","name":"STAGING SIMZINE","description":"","potentialAction":[{"@type":"SearchAction","target":{"@type":"EntryPoint","urlTemplate":"https:\/\/staging.simzine.news\/?s={search_term_string}"},"query-input":{"@type":"PropertyValueSpecification","valueRequired":true,"valueName":"search_term_string"}}],"inLanguage":"es"}]}},"_links":{"self":[{"href":"https:\/\/staging.simzine.news\/es\/wp-json\/wp\/v2\/pages\/34172","targetHints":{"allow":["GET"]}}],"collection":[{"href":"https:\/\/staging.simzine.news\/es\/wp-json\/wp\/v2\/pages"}],"about":[{"href":"https:\/\/staging.simzine.news\/es\/wp-json\/wp\/v2\/types\/page"}],"author":[{"embeddable":true,"href":"https:\/\/staging.simzine.news\/es\/wp-json\/wp\/v2\/users\/1"}],"replies":[{"embeddable":true,"href":"https:\/\/staging.simzine.news\/es\/wp-json\/wp\/v2\/comments?post=34172"}],"version-history":[{"count":4,"href":"https:\/\/staging.simzine.news\/es\/wp-json\/wp\/v2\/pages\/34172\/revisions"}],"predecessor-version":[{"id":34251,"href":"https:\/\/staging.simzine.news\/es\/wp-json\/wp\/v2\/pages\/34172\/revisions\/34251"}],"wp:attachment":[{"href":"https:\/\/staging.simzine.news\/es\/wp-json\/wp\/v2\/media?parent=34172"}],"curies":[{"name":"wp","href":"https:\/\/api.w.org\/{rel}","templated":true}]}}